{"id":842,"date":"2024-02-20T13:00:33","date_gmt":"2024-02-20T14:00:33","guid":{"rendered":"https:\/\/museu-angra.cultura.azores.gov.pt\/director\/"},"modified":"2025-11-19T11:29:52","modified_gmt":"2025-11-19T12:29:52","slug":"director","status":"publish","type":"page","link":"https:\/\/museu-angra.cultura.azores.gov.pt\/en\/director\/","title":{"rendered":"Director"},"content":{"rendered":"<div class=\"wp-block-image\">\n<figure class=\"aligncenter size-full\"><img loading=\"lazy\" decoding=\"async\" width=\"479\" height=\"410\" src=\"https:\/\/museu-angra.cultura.azores.gov.pt\/wp-content\/uploads\/2024\/02\/JB.jpg\" alt=\"\" class=\"wp-image-837\" srcset=\"https:\/\/museu-angra.cultura.azores.gov.pt\/wp-content\/uploads\/2024\/02\/JB.jpg 479w, https:\/\/museu-angra.cultura.azores.gov.pt\/wp-content\/uploads\/2024\/02\/JB-300x257.jpg 300w\" sizes=\"auto, (max-width: 479px) 100vw, 479px\" \/><\/figure>\n<\/div>\n<hr class=\"wp-block-separator has-alpha-channel-opacity\"\/>\n\n<p><strong>Jorge Augusto Paulus Brun<\/strong>o, a native of Terceira Island, was born on 13 June 1959.&#13;\nHe graduated in History from the University of the Azores in 1981 and has since held positions of executive and political responsibility, namely as Regional Director of Cultural Affairs, Regional Director of Social Security, Vice-President of the Regional Civil Protection Service and Director of Organisation and Planning Services in the area of Health in the Autonomous Region of the Azores. At the beginning of his career, he served as Chief of Staff to the Regional Secretaries of Education and Culture of the II and III Regional Governments of the Azores.&#13;\n&#13;\nHe belongs to the Staff of Terceira Island, in the career of senior technician, assigned to the Regional Directorate of Culture, and is a full member of several cultural institutions.&#13;\n&#13;\nHe has attended courses and training programmes at regional, national and foreign institutions in his areas of expertise.&#13;\n&#13;\nHe is the author of several articles and has presented numerous papers and conferences, both in Portugal and abroad, in the areas of culture, medical emergencies, civil protection, social security and social action.<\/p>\n\n<p><p data-start=\"121\" data-end=\"405\">In both the performance of his professional duties and his associative activities, he has coordinated and authored museological programmes for dozens of exhibitions across a wide range of thematic areas, as well as the cultural development plans carried out in connection with them.<\/p>&#13;\n<p data-start=\"407\" data-end=\"637\">He served as President of the IAC \u2013 Azorean Institute of Culture from 1990 to 2009, and of \u201cAtl\u00e2ntida \u2013 Revista de Cultura\u201d (the Institute\u2019s cultural journal), which is dedicated to the promotion of all forms of culture.<\/p>&#13;\n<p data-start=\"639\" data-end=\"890\">He was the coordinator of the Inventory of Immovable Heritage of the Azores project, which was implemented by the IAC \u2013 Azorean Institute of Culture with funding from the Regional Directorate for Culture of the Regional Government of the Azores.<\/p>&#13;\n<p data-start=\"892\" data-end=\"1401\">As President of the Board of Directors of the IAC, he oversaw the management of the Atlantic Digital Art Project (PAAD) and the Chronos Project (aimed at creating an e-learning platform with content relating to the history and culture of the archipelagos in Macaronesia), both of which were executed with funding from INTERREG III-B \u2013 Azores, Madeira, Canary Islands (ERDF), involving partners from the Azores, Madeira, Canary Islands, and Cape Verde, in which the IAC acted as the lead partner.<\/p>&#13;\n<p data-start=\"1403\" data-end=\"1659\">He is currently President of the General Assembly of the Sociedade Filarm\u00f3nica de Instru\u00e7\u00e3o e Recreio dos Artistas and of the Boards of the Cine-Clube da Ilha Terceira and the Gr\u00e9mio Atl\u00e2ntico \u2013 Civic, Cultural and Solidarity Association.<\/p>&#13;\n<p data-start=\"1661\" data-end=\"1912\">Since 2005, he has served as Director of the Museum of Angra do Hero\u00edsmo, with a hiatus from 26 October 2009 to 26 November 2012, during which he held the position of Regional Director of Culture in the 10th Government of the Azores.<\/p><\/p>\n\n<p>In 2024, he was awarded a prize for professional merit in the field of museology by the Portuguese Association of Museology (APOM) and, as a result, was the subject of a Vote of Congratulation approved by the Legislative Assembly of the Autonomous Region of the Azores for the distinction awarded, &#8220;recognising the merit, commitment and effort in promoting culture in the Azores in general and on Terceira Island in particular.&#8221;<\/p>\n","protected":false},"excerpt":{"rendered":"<p>Jorge Augusto Paulus Bruno, a native of Terceira Island, was born on 13 June 1959.&#13; He graduated in History from the University of the Azores in 1981 and has since held positions of executive and political responsibility, namely as Regional Director of Cultural Affairs, Regional Director of Social Security, Vice-President of the Regional Civil Protection [&hellip;]<\/p>\n","protected":false},"author":5,"featured_media":0,"parent":0,"menu_order":0,"comment_status":"closed","ping_status":"closed","template":"","meta":{"footnotes":""},"class_list":["post-842","page","type-page","status-publish","hentry"],"acf":[],"yoast_head":"<!-- This site is optimized with the Yoast SEO plugin v27.4 - https:\/\/yoast.com\/product\/yoast-seo-wordpress\/ -->\n<title>Director - Museum of Angra do Heroismo<\/title>\n<meta name=\"robots\" content=\"index, follow, max-snippet:-1, max-image-preview:large, max-video-preview:-1\" \/>\n<link rel=\"canonical\" href=\"https:\/\/museu-angra.cultura.azores.gov.pt\/en\/director\/\" \/>\n<meta property=\"og:locale\" content=\"en_US\" \/>\n<meta property=\"og:type\" content=\"article\" \/>\n<meta property=\"og:title\" content=\"Director - Museum of Angra do Heroismo\" \/>\n<meta property=\"og:description\" content=\"Jorge Augusto Paulus Bruno, a native of Terceira Island, was born on 13 June 1959.&#013; He graduated in History from the University of the Azores in 1981 and has since held positions of executive and political responsibility, namely as Regional Director of Cultural Affairs, Regional Director of Social Security, Vice-President of the Regional Civil Protection [&hellip;]\" \/>\n<meta property=\"og:url\" content=\"https:\/\/museu-angra.cultura.azores.gov.pt\/en\/director\/\" \/>\n<meta property=\"og:site_name\" content=\"Museum of Angra do Heroismo\" \/>\n<meta property=\"article:publisher\" content=\"https:\/\/www.facebook.com\/MuseuDeAngraDoHeroismo\" \/>\n<meta property=\"article:modified_time\" content=\"2025-11-19T12:29:52+00:00\" \/>\n<meta property=\"og:image\" content=\"https:\/\/museu-angra.cultura.azores.gov.pt\/wp-content\/uploads\/2024\/02\/JB.jpg\" \/>\n\t<meta property=\"og:image:width\" content=\"479\" \/>\n\t<meta property=\"og:image:height\" content=\"410\" \/>\n\t<meta property=\"og:image:type\" content=\"image\/jpeg\" \/>\n<meta name=\"twitter:card\" content=\"summary_large_image\" \/>\n<meta name=\"twitter:label1\" content=\"Est. reading time\" \/>\n\t<meta name=\"twitter:data1\" content=\"3 minutes\" \/>\n<script type=\"application\/ld+json\" class=\"yoast-schema-graph\">{\"@context\":\"https:\\\/\\\/schema.org\",\"@graph\":[{\"@type\":\"WebPage\",\"@id\":\"https:\\\/\\\/museu-angra.cultura.azores.gov.pt\\\/en\\\/director\\\/\",\"url\":\"https:\\\/\\\/museu-angra.cultura.azores.gov.pt\\\/en\\\/director\\\/\",\"name\":\"Director - Museum of Angra do Heroismo\",\"isPartOf\":{\"@id\":\"https:\\\/\\\/museu-angra.cultura.azores.gov.pt\\\/en\\\/#website\"},\"primaryImageOfPage\":{\"@id\":\"https:\\\/\\\/museu-angra.cultura.azores.gov.pt\\\/en\\\/director\\\/#primaryimage\"},\"image\":{\"@id\":\"https:\\\/\\\/museu-angra.cultura.azores.gov.pt\\\/en\\\/director\\\/#primaryimage\"},\"thumbnailUrl\":\"https:\\\/\\\/museu-angra.cultura.azores.gov.pt\\\/wp-content\\\/uploads\\\/2024\\\/02\\\/JB.jpg\",\"datePublished\":\"2024-02-20T14:00:33+00:00\",\"dateModified\":\"2025-11-19T12:29:52+00:00\",\"breadcrumb\":{\"@id\":\"https:\\\/\\\/museu-angra.cultura.azores.gov.pt\\\/en\\\/director\\\/#breadcrumb\"},\"inLanguage\":\"en-US\",\"potentialAction\":[{\"@type\":\"ReadAction\",\"target\":[\"https:\\\/\\\/museu-angra.cultura.azores.gov.pt\\\/en\\\/director\\\/\"]}]},{\"@type\":\"ImageObject\",\"inLanguage\":\"en-US\",\"@id\":\"https:\\\/\\\/museu-angra.cultura.azores.gov.pt\\\/en\\\/director\\\/#primaryimage\",\"url\":\"https:\\\/\\\/museu-angra.cultura.azores.gov.pt\\\/wp-content\\\/uploads\\\/2024\\\/02\\\/JB.jpg\",\"contentUrl\":\"https:\\\/\\\/museu-angra.cultura.azores.gov.pt\\\/wp-content\\\/uploads\\\/2024\\\/02\\\/JB.jpg\"},{\"@type\":\"BreadcrumbList\",\"@id\":\"https:\\\/\\\/museu-angra.cultura.azores.gov.pt\\\/en\\\/director\\\/#breadcrumb\",\"itemListElement\":[{\"@type\":\"ListItem\",\"position\":1,\"name\":\"In\u00edcio\",\"item\":\"https:\\\/\\\/museu-angra.cultura.azores.gov.pt\\\/en\\\/\"},{\"@type\":\"ListItem\",\"position\":2,\"name\":\"Director\"}]},{\"@type\":\"WebSite\",\"@id\":\"https:\\\/\\\/museu-angra.cultura.azores.gov.pt\\\/en\\\/#website\",\"url\":\"https:\\\/\\\/museu-angra.cultura.azores.gov.pt\\\/en\\\/\",\"name\":\"Museu de Angra do Hero\u00edsmo\",\"description\":\"Website do Museu de Angra do Heroismo.\",\"publisher\":{\"@id\":\"https:\\\/\\\/museu-angra.cultura.azores.gov.pt\\\/en\\\/#organization\"},\"potentialAction\":[{\"@type\":\"SearchAction\",\"target\":{\"@type\":\"EntryPoint\",\"urlTemplate\":\"https:\\\/\\\/museu-angra.cultura.azores.gov.pt\\\/en\\\/?s={search_term_string}\"},\"query-input\":{\"@type\":\"PropertyValueSpecification\",\"valueRequired\":true,\"valueName\":\"search_term_string\"}}],\"inLanguage\":\"en-US\"},{\"@type\":\"Organization\",\"@id\":\"https:\\\/\\\/museu-angra.cultura.azores.gov.pt\\\/en\\\/#organization\",\"name\":\"Museu de Angra do Hero\u00edsmo\",\"url\":\"https:\\\/\\\/museu-angra.cultura.azores.gov.pt\\\/en\\\/\",\"logo\":{\"@type\":\"ImageObject\",\"inLanguage\":\"en-US\",\"@id\":\"https:\\\/\\\/museu-angra.cultura.azores.gov.pt\\\/en\\\/#\\\/schema\\\/logo\\\/image\\\/\",\"url\":\"https:\\\/\\\/museu-angra.cultura.azores.gov.pt\\\/wp-content\\\/uploads\\\/2024\\\/01\\\/MicrosoftTeams-image-1.png\",\"contentUrl\":\"https:\\\/\\\/museu-angra.cultura.azores.gov.pt\\\/wp-content\\\/uploads\\\/2024\\\/01\\\/MicrosoftTeams-image-1.png\",\"width\":512,\"height\":512,\"caption\":\"Museu de Angra do Hero\u00edsmo\"},\"image\":{\"@id\":\"https:\\\/\\\/museu-angra.cultura.azores.gov.pt\\\/en\\\/#\\\/schema\\\/logo\\\/image\\\/\"},\"sameAs\":[\"https:\\\/\\\/www.facebook.com\\\/MuseuDeAngraDoHeroismo\",\"https:\\\/\\\/www.instagram.com\\\/museu.angra\\\/\"]}]}<\/script>\n<!-- \/ Yoast SEO plugin. -->","yoast_head_json":{"title":"Director - Museum of Angra do Heroismo","robots":{"index":"index","follow":"follow","max-snippet":"max-snippet:-1","max-image-preview":"max-image-preview:large","max-video-preview":"max-video-preview:-1"},"canonical":"https:\/\/museu-angra.cultura.azores.gov.pt\/en\/director\/","og_locale":"en_US","og_type":"article","og_title":"Director - Museum of Angra do Heroismo","og_description":"Jorge Augusto Paulus Bruno, a native of Terceira Island, was born on 13 June 1959.&#13; He graduated in History from the University of the Azores in 1981 and has since held positions of executive and political responsibility, namely as Regional Director of Cultural Affairs, Regional Director of Social Security, Vice-President of the Regional Civil Protection [&hellip;]","og_url":"https:\/\/museu-angra.cultura.azores.gov.pt\/en\/director\/","og_site_name":"Museum of Angra do Heroismo","article_publisher":"https:\/\/www.facebook.com\/MuseuDeAngraDoHeroismo","article_modified_time":"2025-11-19T12:29:52+00:00","og_image":[{"width":479,"height":410,"url":"https:\/\/museu-angra.cultura.azores.gov.pt\/wp-content\/uploads\/2024\/02\/JB.jpg","type":"image\/jpeg"}],"twitter_card":"summary_large_image","twitter_misc":{"Est. reading time":"3 minutes"},"schema":{"@context":"https:\/\/schema.org","@graph":[{"@type":"WebPage","@id":"https:\/\/museu-angra.cultura.azores.gov.pt\/en\/director\/","url":"https:\/\/museu-angra.cultura.azores.gov.pt\/en\/director\/","name":"Director - Museum of Angra do Heroismo","isPartOf":{"@id":"https:\/\/museu-angra.cultura.azores.gov.pt\/en\/#website"},"primaryImageOfPage":{"@id":"https:\/\/museu-angra.cultura.azores.gov.pt\/en\/director\/#primaryimage"},"image":{"@id":"https:\/\/museu-angra.cultura.azores.gov.pt\/en\/director\/#primaryimage"},"thumbnailUrl":"https:\/\/museu-angra.cultura.azores.gov.pt\/wp-content\/uploads\/2024\/02\/JB.jpg","datePublished":"2024-02-20T14:00:33+00:00","dateModified":"2025-11-19T12:29:52+00:00","breadcrumb":{"@id":"https:\/\/museu-angra.cultura.azores.gov.pt\/en\/director\/#breadcrumb"},"inLanguage":"en-US","potentialAction":[{"@type":"ReadAction","target":["https:\/\/museu-angra.cultura.azores.gov.pt\/en\/director\/"]}]},{"@type":"ImageObject","inLanguage":"en-US","@id":"https:\/\/museu-angra.cultura.azores.gov.pt\/en\/director\/#primaryimage","url":"https:\/\/museu-angra.cultura.azores.gov.pt\/wp-content\/uploads\/2024\/02\/JB.jpg","contentUrl":"https:\/\/museu-angra.cultura.azores.gov.pt\/wp-content\/uploads\/2024\/02\/JB.jpg"},{"@type":"BreadcrumbList","@id":"https:\/\/museu-angra.cultura.azores.gov.pt\/en\/director\/#breadcrumb","itemListElement":[{"@type":"ListItem","position":1,"name":"In\u00edcio","item":"https:\/\/museu-angra.cultura.azores.gov.pt\/en\/"},{"@type":"ListItem","position":2,"name":"Director"}]},{"@type":"WebSite","@id":"https:\/\/museu-angra.cultura.azores.gov.pt\/en\/#website","url":"https:\/\/museu-angra.cultura.azores.gov.pt\/en\/","name":"Museu de Angra do Hero\u00edsmo","description":"Website do Museu de Angra do Heroismo.","publisher":{"@id":"https:\/\/museu-angra.cultura.azores.gov.pt\/en\/#organization"},"potentialAction":[{"@type":"SearchAction","target":{"@type":"EntryPoint","urlTemplate":"https:\/\/museu-angra.cultura.azores.gov.pt\/en\/?s={search_term_string}"},"query-input":{"@type":"PropertyValueSpecification","valueRequired":true,"valueName":"search_term_string"}}],"inLanguage":"en-US"},{"@type":"Organization","@id":"https:\/\/museu-angra.cultura.azores.gov.pt\/en\/#organization","name":"Museu de Angra do Hero\u00edsmo","url":"https:\/\/museu-angra.cultura.azores.gov.pt\/en\/","logo":{"@type":"ImageObject","inLanguage":"en-US","@id":"https:\/\/museu-angra.cultura.azores.gov.pt\/en\/#\/schema\/logo\/image\/","url":"https:\/\/museu-angra.cultura.azores.gov.pt\/wp-content\/uploads\/2024\/01\/MicrosoftTeams-image-1.png","contentUrl":"https:\/\/museu-angra.cultura.azores.gov.pt\/wp-content\/uploads\/2024\/01\/MicrosoftTeams-image-1.png","width":512,"height":512,"caption":"Museu de Angra do Hero\u00edsmo"},"image":{"@id":"https:\/\/museu-angra.cultura.azores.gov.pt\/en\/#\/schema\/logo\/image\/"},"sameAs":["https:\/\/www.facebook.com\/MuseuDeAngraDoHeroismo","https:\/\/www.instagram.com\/museu.angra\/"]}]}},"_links":{"self":[{"href":"https:\/\/museu-angra.cultura.azores.gov.pt\/en\/wp-json\/wp\/v2\/pages\/842","targetHints":{"allow":["GET"]}}],"collection":[{"href":"https:\/\/museu-angra.cultura.azores.gov.pt\/en\/wp-json\/wp\/v2\/pages"}],"about":[{"href":"https:\/\/museu-angra.cultura.azores.gov.pt\/en\/wp-json\/wp\/v2\/types\/page"}],"author":[{"embeddable":true,"href":"https:\/\/museu-angra.cultura.azores.gov.pt\/en\/wp-json\/wp\/v2\/users\/5"}],"replies":[{"embeddable":true,"href":"https:\/\/museu-angra.cultura.azores.gov.pt\/en\/wp-json\/wp\/v2\/comments?post=842"}],"version-history":[{"count":2,"href":"https:\/\/museu-angra.cultura.azores.gov.pt\/en\/wp-json\/wp\/v2\/pages\/842\/revisions"}],"predecessor-version":[{"id":19159,"href":"https:\/\/museu-angra.cultura.azores.gov.pt\/en\/wp-json\/wp\/v2\/pages\/842\/revisions\/19159"}],"wp:attachment":[{"href":"https:\/\/museu-angra.cultura.azores.gov.pt\/en\/wp-json\/wp\/v2\/media?parent=842"}],"curies":[{"name":"wp","href":"https:\/\/api.w.org\/{rel}","templated":true}]}}