{"id":19898,"date":"2025-03-07T12:05:59","date_gmt":"2025-03-07T13:05:59","guid":{"rendered":"https:\/\/museu-angra.cultura.azores.gov.pt\/others\/historical-pieces\/the-calf-of-the-holy-spirit-and-bull\/"},"modified":"2025-12-31T10:56:47","modified_gmt":"2025-12-31T11:56:47","slug":"the-calf-of-the-holy-spirit-and-bull","status":"publish","type":"page","link":"https:\/\/museu-angra.cultura.azores.gov.pt\/en\/others\/historical-pieces\/the-calf-of-the-holy-spirit-and-bull\/","title":{"rendered":"The Calf of the Holy Spirit and Bull"},"content":{"rendered":"\n<div class=\"wp-block-media-text has-media-on-the-right is-stacked-on-mobile is-vertically-aligned-top\" style=\"grid-template-columns:auto 40%\"><div class=\"wp-block-media-text__content\">\n<p><p data-start=\"129\" data-end=\"563\">This work is part of the exhibition <em data-start=\"165\" data-end=\"185\">Brevi\u00e1rio A\u00e7oriano<\/em>, which, together with the series <em data-start=\"219\" data-end=\"238\">Sinais da Mat\u00e9ria<\/em>, constitutes the exhibition <em data-start=\"267\" data-end=\"280\">Simbologias<\/em>, inaugurated on 9 October 2020, on the occasion of its donation to the Region by Carmina | Dimas Simas Lopes Contemporary Art Gallery. From that date, the gallery began to function as a branch of the Museum of Angra do Hero\u00edsmo, bearing the name of its founder, Dimas Simas Lopes.<\/p>&#13;\n<p data-start=\"565\" data-end=\"907\">Establishing a close intertextual relationship with Ant\u00f3nio Dacosta\u2019s <em data-start=\"635\" data-end=\"642\">Festa<\/em> (1942), this painting serves as the central piece of the exhibition, where representations of ancestral symbols intersect with an iconography strongly influenced by the cult of the Divine, reflecting a perception of the sacred that is both universal and Azorean.<\/p>&#13;\n<p data-start=\"909\" data-end=\"1196\">By contrasting the dark figure of the bull, symbolising the bestial instincts of man, with the luminous silhouette of the adorned calf, the work emphasises the redemptive power of sacrifice for the common good and spiritual progression through the renunciation of material possessions.<\/p>&#13;\n<p data-start=\"1198\" data-end=\"1555\">Dimas Simas Lopes is a distinguished visual artist from Terceira, recognised for his unique contribution to the dissemination of Contemporary Art on the island, notably through the development of Carmina Gallery (2004\u20132012), which, in addition to serving as an exhibition space, functioned as an arts laboratory and a hub for diverse cultural expressions.<\/p><\/p>\n<\/div><figure class=\"wp-block-media-text__media\"><img loading=\"lazy\" decoding=\"async\" width=\"630\" height=\"400\" src=\"https:\/\/museu-angra.cultura.azores.gov.pt\/wp-content\/uploads\/2025\/03\/banner-7.jpg\" alt=\"\" class=\"wp-image-12338 size-full\" srcset=\"https:\/\/museu-angra.cultura.azores.gov.pt\/wp-content\/uploads\/2025\/03\/banner-7.jpg 630w, https:\/\/museu-angra.cultura.azores.gov.pt\/wp-content\/uploads\/2025\/03\/banner-7-300x190.jpg 300w\" sizes=\"auto, (max-width: 630px) 100vw, 630px\" \/><\/figure><\/div>\n","protected":false},"excerpt":{"rendered":"<p>This work is part of the exhibition Brevi\u00e1rio A\u00e7oriano, which, together with the series Sinais da Mat\u00e9ria, constitutes the exhibition Simbologias, inaugurated on 9 October 2020, on the occasion of its donation to the Region by Carmina | Dimas Simas Lopes Contemporary Art Gallery. From that date, the gallery began to function as a branch [&hellip;]<\/p>\n","protected":false},"author":5,"featured_media":0,"parent":19114,"menu_order":0,"comment_status":"closed","ping_status":"closed","template":"","meta":{"footnotes":""},"class_list":["post-19898","page","type-page","status-publish","hentry"],"acf":[],"yoast_head":"<!-- This site is optimized with the Yoast SEO plugin v27.5 - https:\/\/yoast.com\/product\/yoast-seo-wordpress\/ -->\n<title>The Calf of the Holy Spirit and Bull - Museum of Angra do Heroismo<\/title>\n<meta name=\"robots\" content=\"index, follow, max-snippet:-1, max-image-preview:large, max-video-preview:-1\" \/>\n<link rel=\"canonical\" href=\"https:\/\/museu-angra.cultura.azores.gov.pt\/en\/others\/historical-pieces\/the-calf-of-the-holy-spirit-and-bull\/\" \/>\n<meta property=\"og:locale\" content=\"en_US\" \/>\n<meta property=\"og:type\" content=\"article\" \/>\n<meta property=\"og:title\" content=\"The Calf of the Holy Spirit and Bull - Museum of Angra do Heroismo\" \/>\n<meta property=\"og:description\" content=\"This work is part of the exhibition Brevi\u00e1rio A\u00e7oriano, which, together with the series Sinais da Mat\u00e9ria, constitutes the exhibition Simbologias, inaugurated on 9 October 2020, on the occasion of its donation to the Region by Carmina | Dimas Simas Lopes Contemporary Art Gallery. From that date, the gallery began to function as a branch [&hellip;]\" \/>\n<meta property=\"og:url\" content=\"https:\/\/museu-angra.cultura.azores.gov.pt\/en\/others\/historical-pieces\/the-calf-of-the-holy-spirit-and-bull\/\" \/>\n<meta property=\"og:site_name\" content=\"Museum of Angra do Heroismo\" \/>\n<meta property=\"article:publisher\" content=\"https:\/\/www.facebook.com\/MuseuDeAngraDoHeroismo\" \/>\n<meta property=\"article:modified_time\" content=\"2025-12-31T11:56:47+00:00\" \/>\n<meta property=\"og:image\" content=\"https:\/\/museu-angra.cultura.azores.gov.pt\/wp-content\/uploads\/2025\/03\/banner-7.jpg\" \/>\n\t<meta property=\"og:image:width\" content=\"630\" \/>\n\t<meta property=\"og:image:height\" content=\"400\" \/>\n\t<meta property=\"og:image:type\" content=\"image\/jpeg\" \/>\n<meta name=\"twitter:card\" content=\"summary_large_image\" \/>\n<meta name=\"twitter:label1\" content=\"Est. reading time\" \/>\n\t<meta name=\"twitter:data1\" content=\"1 minute\" \/>\n<script type=\"application\/ld+json\" class=\"yoast-schema-graph\">{\"@context\":\"https:\\\/\\\/schema.org\",\"@graph\":[{\"@type\":\"WebPage\",\"@id\":\"https:\\\/\\\/museu-angra.cultura.azores.gov.pt\\\/en\\\/others\\\/historical-pieces\\\/the-calf-of-the-holy-spirit-and-bull\\\/\",\"url\":\"https:\\\/\\\/museu-angra.cultura.azores.gov.pt\\\/en\\\/others\\\/historical-pieces\\\/the-calf-of-the-holy-spirit-and-bull\\\/\",\"name\":\"The Calf of the Holy Spirit and Bull - Museum of Angra do Heroismo\",\"isPartOf\":{\"@id\":\"https:\\\/\\\/museu-angra.cultura.azores.gov.pt\\\/en\\\/#website\"},\"primaryImageOfPage\":{\"@id\":\"https:\\\/\\\/museu-angra.cultura.azores.gov.pt\\\/en\\\/others\\\/historical-pieces\\\/the-calf-of-the-holy-spirit-and-bull\\\/#primaryimage\"},\"image\":{\"@id\":\"https:\\\/\\\/museu-angra.cultura.azores.gov.pt\\\/en\\\/others\\\/historical-pieces\\\/the-calf-of-the-holy-spirit-and-bull\\\/#primaryimage\"},\"thumbnailUrl\":\"https:\\\/\\\/museu-angra.cultura.azores.gov.pt\\\/wp-content\\\/uploads\\\/2025\\\/03\\\/banner-7.jpg\",\"datePublished\":\"2025-03-07T13:05:59+00:00\",\"dateModified\":\"2025-12-31T11:56:47+00:00\",\"breadcrumb\":{\"@id\":\"https:\\\/\\\/museu-angra.cultura.azores.gov.pt\\\/en\\\/others\\\/historical-pieces\\\/the-calf-of-the-holy-spirit-and-bull\\\/#breadcrumb\"},\"inLanguage\":\"en-US\",\"potentialAction\":[{\"@type\":\"ReadAction\",\"target\":[\"https:\\\/\\\/museu-angra.cultura.azores.gov.pt\\\/en\\\/others\\\/historical-pieces\\\/the-calf-of-the-holy-spirit-and-bull\\\/\"]}]},{\"@type\":\"ImageObject\",\"inLanguage\":\"en-US\",\"@id\":\"https:\\\/\\\/museu-angra.cultura.azores.gov.pt\\\/en\\\/others\\\/historical-pieces\\\/the-calf-of-the-holy-spirit-and-bull\\\/#primaryimage\",\"url\":\"https:\\\/\\\/museu-angra.cultura.azores.gov.pt\\\/wp-content\\\/uploads\\\/2025\\\/03\\\/banner-7.jpg\",\"contentUrl\":\"https:\\\/\\\/museu-angra.cultura.azores.gov.pt\\\/wp-content\\\/uploads\\\/2025\\\/03\\\/banner-7.jpg\"},{\"@type\":\"BreadcrumbList\",\"@id\":\"https:\\\/\\\/museu-angra.cultura.azores.gov.pt\\\/en\\\/others\\\/historical-pieces\\\/the-calf-of-the-holy-spirit-and-bull\\\/#breadcrumb\",\"itemListElement\":[{\"@type\":\"ListItem\",\"position\":1,\"name\":\"In\u00edcio\",\"item\":\"https:\\\/\\\/museu-angra.cultura.azores.gov.pt\\\/en\\\/\"},{\"@type\":\"ListItem\",\"position\":2,\"name\":\"Others\",\"item\":\"https:\\\/\\\/museu-angra.cultura.azores.gov.pt\\\/en\\\/outras\\\/\"},{\"@type\":\"ListItem\",\"position\":3,\"name\":\"Historical Pieces\",\"item\":\"https:\\\/\\\/museu-angra.cultura.azores.gov.pt\\\/en\\\/others\\\/historical-pieces\\\/\"},{\"@type\":\"ListItem\",\"position\":4,\"name\":\"The Calf of the Holy Spirit and Bull\"}]},{\"@type\":\"WebSite\",\"@id\":\"https:\\\/\\\/museu-angra.cultura.azores.gov.pt\\\/en\\\/#website\",\"url\":\"https:\\\/\\\/museu-angra.cultura.azores.gov.pt\\\/en\\\/\",\"name\":\"Museu de Angra do Hero\u00edsmo\",\"description\":\"Website do Museu de Angra do Heroismo.\",\"publisher\":{\"@id\":\"https:\\\/\\\/museu-angra.cultura.azores.gov.pt\\\/en\\\/#organization\"},\"potentialAction\":[{\"@type\":\"SearchAction\",\"target\":{\"@type\":\"EntryPoint\",\"urlTemplate\":\"https:\\\/\\\/museu-angra.cultura.azores.gov.pt\\\/en\\\/?s={search_term_string}\"},\"query-input\":{\"@type\":\"PropertyValueSpecification\",\"valueRequired\":true,\"valueName\":\"search_term_string\"}}],\"inLanguage\":\"en-US\"},{\"@type\":\"Organization\",\"@id\":\"https:\\\/\\\/museu-angra.cultura.azores.gov.pt\\\/en\\\/#organization\",\"name\":\"Museu de Angra do Hero\u00edsmo\",\"url\":\"https:\\\/\\\/museu-angra.cultura.azores.gov.pt\\\/en\\\/\",\"logo\":{\"@type\":\"ImageObject\",\"inLanguage\":\"en-US\",\"@id\":\"https:\\\/\\\/museu-angra.cultura.azores.gov.pt\\\/en\\\/#\\\/schema\\\/logo\\\/image\\\/\",\"url\":\"https:\\\/\\\/museu-angra.cultura.azores.gov.pt\\\/wp-content\\\/uploads\\\/2024\\\/01\\\/MicrosoftTeams-image-1.png\",\"contentUrl\":\"https:\\\/\\\/museu-angra.cultura.azores.gov.pt\\\/wp-content\\\/uploads\\\/2024\\\/01\\\/MicrosoftTeams-image-1.png\",\"width\":512,\"height\":512,\"caption\":\"Museu de Angra do Hero\u00edsmo\"},\"image\":{\"@id\":\"https:\\\/\\\/museu-angra.cultura.azores.gov.pt\\\/en\\\/#\\\/schema\\\/logo\\\/image\\\/\"},\"sameAs\":[\"https:\\\/\\\/www.facebook.com\\\/MuseuDeAngraDoHeroismo\",\"https:\\\/\\\/www.instagram.com\\\/museu.angra\\\/\"]}]}<\/script>\n<!-- \/ Yoast SEO plugin. -->","yoast_head_json":{"title":"The Calf of the Holy Spirit and Bull - Museum of Angra do Heroismo","robots":{"index":"index","follow":"follow","max-snippet":"max-snippet:-1","max-image-preview":"max-image-preview:large","max-video-preview":"max-video-preview:-1"},"canonical":"https:\/\/museu-angra.cultura.azores.gov.pt\/en\/others\/historical-pieces\/the-calf-of-the-holy-spirit-and-bull\/","og_locale":"en_US","og_type":"article","og_title":"The Calf of the Holy Spirit and Bull - Museum of Angra do Heroismo","og_description":"This work is part of the exhibition Brevi\u00e1rio A\u00e7oriano, which, together with the series Sinais da Mat\u00e9ria, constitutes the exhibition Simbologias, inaugurated on 9 October 2020, on the occasion of its donation to the Region by Carmina | Dimas Simas Lopes Contemporary Art Gallery. From that date, the gallery began to function as a branch [&hellip;]","og_url":"https:\/\/museu-angra.cultura.azores.gov.pt\/en\/others\/historical-pieces\/the-calf-of-the-holy-spirit-and-bull\/","og_site_name":"Museum of Angra do Heroismo","article_publisher":"https:\/\/www.facebook.com\/MuseuDeAngraDoHeroismo","article_modified_time":"2025-12-31T11:56:47+00:00","og_image":[{"width":630,"height":400,"url":"https:\/\/museu-angra.cultura.azores.gov.pt\/wp-content\/uploads\/2025\/03\/banner-7.jpg","type":"image\/jpeg"}],"twitter_card":"summary_large_image","twitter_misc":{"Est. reading time":"1 minute"},"schema":{"@context":"https:\/\/schema.org","@graph":[{"@type":"WebPage","@id":"https:\/\/museu-angra.cultura.azores.gov.pt\/en\/others\/historical-pieces\/the-calf-of-the-holy-spirit-and-bull\/","url":"https:\/\/museu-angra.cultura.azores.gov.pt\/en\/others\/historical-pieces\/the-calf-of-the-holy-spirit-and-bull\/","name":"The Calf of the Holy Spirit and Bull - Museum of Angra do Heroismo","isPartOf":{"@id":"https:\/\/museu-angra.cultura.azores.gov.pt\/en\/#website"},"primaryImageOfPage":{"@id":"https:\/\/museu-angra.cultura.azores.gov.pt\/en\/others\/historical-pieces\/the-calf-of-the-holy-spirit-and-bull\/#primaryimage"},"image":{"@id":"https:\/\/museu-angra.cultura.azores.gov.pt\/en\/others\/historical-pieces\/the-calf-of-the-holy-spirit-and-bull\/#primaryimage"},"thumbnailUrl":"https:\/\/museu-angra.cultura.azores.gov.pt\/wp-content\/uploads\/2025\/03\/banner-7.jpg","datePublished":"2025-03-07T13:05:59+00:00","dateModified":"2025-12-31T11:56:47+00:00","breadcrumb":{"@id":"https:\/\/museu-angra.cultura.azores.gov.pt\/en\/others\/historical-pieces\/the-calf-of-the-holy-spirit-and-bull\/#breadcrumb"},"inLanguage":"en-US","potentialAction":[{"@type":"ReadAction","target":["https:\/\/museu-angra.cultura.azores.gov.pt\/en\/others\/historical-pieces\/the-calf-of-the-holy-spirit-and-bull\/"]}]},{"@type":"ImageObject","inLanguage":"en-US","@id":"https:\/\/museu-angra.cultura.azores.gov.pt\/en\/others\/historical-pieces\/the-calf-of-the-holy-spirit-and-bull\/#primaryimage","url":"https:\/\/museu-angra.cultura.azores.gov.pt\/wp-content\/uploads\/2025\/03\/banner-7.jpg","contentUrl":"https:\/\/museu-angra.cultura.azores.gov.pt\/wp-content\/uploads\/2025\/03\/banner-7.jpg"},{"@type":"BreadcrumbList","@id":"https:\/\/museu-angra.cultura.azores.gov.pt\/en\/others\/historical-pieces\/the-calf-of-the-holy-spirit-and-bull\/#breadcrumb","itemListElement":[{"@type":"ListItem","position":1,"name":"In\u00edcio","item":"https:\/\/museu-angra.cultura.azores.gov.pt\/en\/"},{"@type":"ListItem","position":2,"name":"Others","item":"https:\/\/museu-angra.cultura.azores.gov.pt\/en\/outras\/"},{"@type":"ListItem","position":3,"name":"Historical Pieces","item":"https:\/\/museu-angra.cultura.azores.gov.pt\/en\/others\/historical-pieces\/"},{"@type":"ListItem","position":4,"name":"The Calf of the Holy Spirit and Bull"}]},{"@type":"WebSite","@id":"https:\/\/museu-angra.cultura.azores.gov.pt\/en\/#website","url":"https:\/\/museu-angra.cultura.azores.gov.pt\/en\/","name":"Museu de Angra do Hero\u00edsmo","description":"Website do Museu de Angra do Heroismo.","publisher":{"@id":"https:\/\/museu-angra.cultura.azores.gov.pt\/en\/#organization"},"potentialAction":[{"@type":"SearchAction","target":{"@type":"EntryPoint","urlTemplate":"https:\/\/museu-angra.cultura.azores.gov.pt\/en\/?s={search_term_string}"},"query-input":{"@type":"PropertyValueSpecification","valueRequired":true,"valueName":"search_term_string"}}],"inLanguage":"en-US"},{"@type":"Organization","@id":"https:\/\/museu-angra.cultura.azores.gov.pt\/en\/#organization","name":"Museu de Angra do Hero\u00edsmo","url":"https:\/\/museu-angra.cultura.azores.gov.pt\/en\/","logo":{"@type":"ImageObject","inLanguage":"en-US","@id":"https:\/\/museu-angra.cultura.azores.gov.pt\/en\/#\/schema\/logo\/image\/","url":"https:\/\/museu-angra.cultura.azores.gov.pt\/wp-content\/uploads\/2024\/01\/MicrosoftTeams-image-1.png","contentUrl":"https:\/\/museu-angra.cultura.azores.gov.pt\/wp-content\/uploads\/2024\/01\/MicrosoftTeams-image-1.png","width":512,"height":512,"caption":"Museu de Angra do Hero\u00edsmo"},"image":{"@id":"https:\/\/museu-angra.cultura.azores.gov.pt\/en\/#\/schema\/logo\/image\/"},"sameAs":["https:\/\/www.facebook.com\/MuseuDeAngraDoHeroismo","https:\/\/www.instagram.com\/museu.angra\/"]}]}},"_links":{"self":[{"href":"https:\/\/museu-angra.cultura.azores.gov.pt\/en\/wp-json\/wp\/v2\/pages\/19898","targetHints":{"allow":["GET"]}}],"collection":[{"href":"https:\/\/museu-angra.cultura.azores.gov.pt\/en\/wp-json\/wp\/v2\/pages"}],"about":[{"href":"https:\/\/museu-angra.cultura.azores.gov.pt\/en\/wp-json\/wp\/v2\/types\/page"}],"author":[{"embeddable":true,"href":"https:\/\/museu-angra.cultura.azores.gov.pt\/en\/wp-json\/wp\/v2\/users\/5"}],"replies":[{"embeddable":true,"href":"https:\/\/museu-angra.cultura.azores.gov.pt\/en\/wp-json\/wp\/v2\/comments?post=19898"}],"version-history":[{"count":1,"href":"https:\/\/museu-angra.cultura.azores.gov.pt\/en\/wp-json\/wp\/v2\/pages\/19898\/revisions"}],"predecessor-version":[{"id":19899,"href":"https:\/\/museu-angra.cultura.azores.gov.pt\/en\/wp-json\/wp\/v2\/pages\/19898\/revisions\/19899"}],"up":[{"embeddable":true,"href":"https:\/\/museu-angra.cultura.azores.gov.pt\/en\/wp-json\/wp\/v2\/pages\/19114"}],"wp:attachment":[{"href":"https:\/\/museu-angra.cultura.azores.gov.pt\/en\/wp-json\/wp\/v2\/media?parent=19898"}],"curies":[{"name":"wp","href":"https:\/\/api.w.org\/{rel}","templated":true}]}}