{"id":19846,"date":"2025-03-10T15:50:57","date_gmt":"2025-03-10T16:50:57","guid":{"rendered":"https:\/\/museu-angra.cultura.azores.gov.pt\/others\/historical-pieces\/senhor-santo-cristo-dos-milagres-lord-holy-christ-of-the-miracles\/"},"modified":"2025-12-31T10:15:32","modified_gmt":"2025-12-31T11:15:32","slug":"senhor-santo-cristo-dos-milagres-lord-holy-christ-of-the-miracles","status":"publish","type":"page","link":"https:\/\/museu-angra.cultura.azores.gov.pt\/en\/others\/historical-pieces\/senhor-santo-cristo-dos-milagres-lord-holy-christ-of-the-miracles\/","title":{"rendered":"Senhor Santo Cristo dos Milagres (Lord Holy Christ of the Miracles)"},"content":{"rendered":"\n<div class=\"wp-block-media-text has-media-on-the-right is-stacked-on-mobile is-vertically-aligned-top\" style=\"grid-template-columns:auto 40%\"><div class=\"wp-block-media-text__content\">\n<p><p data-start=\"0\" data-end=\"149\">Francisco Vieira Toste, better known as Chico Bogango, or as he preferred, Mogango, was born in S. Sebasti\u00e3o (February 1, 1891 \u2013 October 10, 1974).<\/p>&#13;\n<p data-start=\"151\" data-end=\"416\">A skilled carpenter and joiner, he was primarily distinguished as a painter, creating numerous canvases, banners, and flags\u2014mostly with religious inspiration\u2014executing mural paintings in \u201cimp\u00e9rios\u201d and private homes, and decorating floats, altars, and \u201cimp\u00e9rios.\u201d<\/p>&#13;\n<p data-start=\"418\" data-end=\"879\">J.H. Santos Barros, in <em data-start=\"441\" data-end=\"463\">Lavrador das Ilhas I<\/em> (1981), describes him as an \u201cextraordinary manipulator of the objects and figures that form the basis of the island\u2019s popular festivities (Holy Spirit, bullfights): the adornments of banners, masts, altars, and crowns,\u201d whose \u201cpanels, sometimes with religious figures (S. Sebasti\u00e3o, Santo Cristo), sometimes depicting a bullfight on a rope, amazed with their spontaneity, joyful colors, and purity of conception.\u201d<\/p>&#13;\n<p data-start=\"881\" data-end=\"1071\" data-is-last-node=\"\" data-is-only-node=\"\">This depiction of Senhor Santo Cristo was donated to the Museu de Angra do Hero\u00edsmo by Maria de F\u00e1tima Louren\u00e7o on April 19, 2019, and is currently part of the museum\u2019s Fine Arts Collection.<\/p><\/p>\n<\/div><figure class=\"wp-block-media-text__media\"><img loading=\"lazy\" decoding=\"async\" width=\"630\" height=\"400\" src=\"https:\/\/museu-angra.cultura.azores.gov.pt\/wp-content\/uploads\/2025\/03\/banner-36.jpg\" alt=\"\" class=\"wp-image-12468 size-full\" srcset=\"https:\/\/museu-angra.cultura.azores.gov.pt\/wp-content\/uploads\/2025\/03\/banner-36.jpg 630w, https:\/\/museu-angra.cultura.azores.gov.pt\/wp-content\/uploads\/2025\/03\/banner-36-300x190.jpg 300w\" sizes=\"auto, (max-width: 630px) 100vw, 630px\" \/><\/figure><\/div>\n","protected":false},"excerpt":{"rendered":"<p>Francisco Vieira Toste, better known as Chico Bogango, or as he preferred, Mogango, was born in S. Sebasti\u00e3o (February 1, 1891 \u2013 October 10, 1974). &#13; A skilled carpenter and joiner, he was primarily distinguished as a painter, creating numerous canvases, banners, and flags\u2014mostly with religious inspiration\u2014executing mural paintings in \u201cimp\u00e9rios\u201d and private homes, and [&hellip;]<\/p>\n","protected":false},"author":5,"featured_media":0,"parent":19114,"menu_order":0,"comment_status":"closed","ping_status":"closed","template":"","meta":{"footnotes":""},"class_list":["post-19846","page","type-page","status-publish","hentry"],"acf":[],"yoast_head":"<!-- This site is optimized with the Yoast SEO plugin v27.5 - https:\/\/yoast.com\/product\/yoast-seo-wordpress\/ -->\n<title>Senhor Santo Cristo dos Milagres (Lord Holy Christ of the Miracles) - Museum of Angra do Heroismo<\/title>\n<meta name=\"robots\" content=\"index, follow, max-snippet:-1, max-image-preview:large, max-video-preview:-1\" \/>\n<link rel=\"canonical\" href=\"https:\/\/museu-angra.cultura.azores.gov.pt\/en\/others\/historical-pieces\/senhor-santo-cristo-dos-milagres-lord-holy-christ-of-the-miracles\/\" \/>\n<meta property=\"og:locale\" content=\"en_US\" \/>\n<meta property=\"og:type\" content=\"article\" \/>\n<meta property=\"og:title\" content=\"Senhor Santo Cristo dos Milagres (Lord Holy Christ of the Miracles) - Museum of Angra do Heroismo\" \/>\n<meta property=\"og:description\" content=\"Francisco Vieira Toste, better known as Chico Bogango, or as he preferred, Mogango, was born in S. Sebasti\u00e3o (February 1, 1891 \u2013 October 10, 1974). &#013; A skilled carpenter and joiner, he was primarily distinguished as a painter, creating numerous canvases, banners, and flags\u2014mostly with religious inspiration\u2014executing mural paintings in \u201cimp\u00e9rios\u201d and private homes, and [&hellip;]\" \/>\n<meta property=\"og:url\" content=\"https:\/\/museu-angra.cultura.azores.gov.pt\/en\/others\/historical-pieces\/senhor-santo-cristo-dos-milagres-lord-holy-christ-of-the-miracles\/\" \/>\n<meta property=\"og:site_name\" content=\"Museum of Angra do Heroismo\" \/>\n<meta property=\"article:publisher\" content=\"https:\/\/www.facebook.com\/MuseuDeAngraDoHeroismo\" \/>\n<meta property=\"article:modified_time\" content=\"2025-12-31T11:15:32+00:00\" \/>\n<meta property=\"og:image\" content=\"https:\/\/museu-angra.cultura.azores.gov.pt\/wp-content\/uploads\/2025\/03\/banner-36.jpg\" \/>\n\t<meta property=\"og:image:width\" content=\"630\" \/>\n\t<meta property=\"og:image:height\" content=\"400\" \/>\n\t<meta property=\"og:image:type\" content=\"image\/jpeg\" \/>\n<meta name=\"twitter:card\" content=\"summary_large_image\" \/>\n<meta name=\"twitter:label1\" content=\"Est. reading time\" \/>\n\t<meta name=\"twitter:data1\" content=\"1 minute\" \/>\n<script type=\"application\/ld+json\" class=\"yoast-schema-graph\">{\"@context\":\"https:\\\/\\\/schema.org\",\"@graph\":[{\"@type\":\"WebPage\",\"@id\":\"https:\\\/\\\/museu-angra.cultura.azores.gov.pt\\\/en\\\/others\\\/historical-pieces\\\/senhor-santo-cristo-dos-milagres-lord-holy-christ-of-the-miracles\\\/\",\"url\":\"https:\\\/\\\/museu-angra.cultura.azores.gov.pt\\\/en\\\/others\\\/historical-pieces\\\/senhor-santo-cristo-dos-milagres-lord-holy-christ-of-the-miracles\\\/\",\"name\":\"Senhor Santo Cristo dos Milagres (Lord Holy Christ of the Miracles) - Museum of Angra do Heroismo\",\"isPartOf\":{\"@id\":\"https:\\\/\\\/museu-angra.cultura.azores.gov.pt\\\/en\\\/#website\"},\"primaryImageOfPage\":{\"@id\":\"https:\\\/\\\/museu-angra.cultura.azores.gov.pt\\\/en\\\/others\\\/historical-pieces\\\/senhor-santo-cristo-dos-milagres-lord-holy-christ-of-the-miracles\\\/#primaryimage\"},\"image\":{\"@id\":\"https:\\\/\\\/museu-angra.cultura.azores.gov.pt\\\/en\\\/others\\\/historical-pieces\\\/senhor-santo-cristo-dos-milagres-lord-holy-christ-of-the-miracles\\\/#primaryimage\"},\"thumbnailUrl\":\"https:\\\/\\\/museu-angra.cultura.azores.gov.pt\\\/wp-content\\\/uploads\\\/2025\\\/03\\\/banner-36.jpg\",\"datePublished\":\"2025-03-10T16:50:57+00:00\",\"dateModified\":\"2025-12-31T11:15:32+00:00\",\"breadcrumb\":{\"@id\":\"https:\\\/\\\/museu-angra.cultura.azores.gov.pt\\\/en\\\/others\\\/historical-pieces\\\/senhor-santo-cristo-dos-milagres-lord-holy-christ-of-the-miracles\\\/#breadcrumb\"},\"inLanguage\":\"en-US\",\"potentialAction\":[{\"@type\":\"ReadAction\",\"target\":[\"https:\\\/\\\/museu-angra.cultura.azores.gov.pt\\\/en\\\/others\\\/historical-pieces\\\/senhor-santo-cristo-dos-milagres-lord-holy-christ-of-the-miracles\\\/\"]}]},{\"@type\":\"ImageObject\",\"inLanguage\":\"en-US\",\"@id\":\"https:\\\/\\\/museu-angra.cultura.azores.gov.pt\\\/en\\\/others\\\/historical-pieces\\\/senhor-santo-cristo-dos-milagres-lord-holy-christ-of-the-miracles\\\/#primaryimage\",\"url\":\"https:\\\/\\\/museu-angra.cultura.azores.gov.pt\\\/wp-content\\\/uploads\\\/2025\\\/03\\\/banner-36.jpg\",\"contentUrl\":\"https:\\\/\\\/museu-angra.cultura.azores.gov.pt\\\/wp-content\\\/uploads\\\/2025\\\/03\\\/banner-36.jpg\"},{\"@type\":\"BreadcrumbList\",\"@id\":\"https:\\\/\\\/museu-angra.cultura.azores.gov.pt\\\/en\\\/others\\\/historical-pieces\\\/senhor-santo-cristo-dos-milagres-lord-holy-christ-of-the-miracles\\\/#breadcrumb\",\"itemListElement\":[{\"@type\":\"ListItem\",\"position\":1,\"name\":\"In\u00edcio\",\"item\":\"https:\\\/\\\/museu-angra.cultura.azores.gov.pt\\\/en\\\/\"},{\"@type\":\"ListItem\",\"position\":2,\"name\":\"Others\",\"item\":\"https:\\\/\\\/museu-angra.cultura.azores.gov.pt\\\/en\\\/outras\\\/\"},{\"@type\":\"ListItem\",\"position\":3,\"name\":\"Historical Pieces\",\"item\":\"https:\\\/\\\/museu-angra.cultura.azores.gov.pt\\\/en\\\/others\\\/historical-pieces\\\/\"},{\"@type\":\"ListItem\",\"position\":4,\"name\":\"Senhor Santo Cristo dos Milagres (Lord Holy Christ of the Miracles)\"}]},{\"@type\":\"WebSite\",\"@id\":\"https:\\\/\\\/museu-angra.cultura.azores.gov.pt\\\/en\\\/#website\",\"url\":\"https:\\\/\\\/museu-angra.cultura.azores.gov.pt\\\/en\\\/\",\"name\":\"Museu de Angra do Hero\u00edsmo\",\"description\":\"Website do Museu de Angra do Heroismo.\",\"publisher\":{\"@id\":\"https:\\\/\\\/museu-angra.cultura.azores.gov.pt\\\/en\\\/#organization\"},\"potentialAction\":[{\"@type\":\"SearchAction\",\"target\":{\"@type\":\"EntryPoint\",\"urlTemplate\":\"https:\\\/\\\/museu-angra.cultura.azores.gov.pt\\\/en\\\/?s={search_term_string}\"},\"query-input\":{\"@type\":\"PropertyValueSpecification\",\"valueRequired\":true,\"valueName\":\"search_term_string\"}}],\"inLanguage\":\"en-US\"},{\"@type\":\"Organization\",\"@id\":\"https:\\\/\\\/museu-angra.cultura.azores.gov.pt\\\/en\\\/#organization\",\"name\":\"Museu de Angra do Hero\u00edsmo\",\"url\":\"https:\\\/\\\/museu-angra.cultura.azores.gov.pt\\\/en\\\/\",\"logo\":{\"@type\":\"ImageObject\",\"inLanguage\":\"en-US\",\"@id\":\"https:\\\/\\\/museu-angra.cultura.azores.gov.pt\\\/en\\\/#\\\/schema\\\/logo\\\/image\\\/\",\"url\":\"https:\\\/\\\/museu-angra.cultura.azores.gov.pt\\\/wp-content\\\/uploads\\\/2024\\\/01\\\/MicrosoftTeams-image-1.png\",\"contentUrl\":\"https:\\\/\\\/museu-angra.cultura.azores.gov.pt\\\/wp-content\\\/uploads\\\/2024\\\/01\\\/MicrosoftTeams-image-1.png\",\"width\":512,\"height\":512,\"caption\":\"Museu de Angra do Hero\u00edsmo\"},\"image\":{\"@id\":\"https:\\\/\\\/museu-angra.cultura.azores.gov.pt\\\/en\\\/#\\\/schema\\\/logo\\\/image\\\/\"},\"sameAs\":[\"https:\\\/\\\/www.facebook.com\\\/MuseuDeAngraDoHeroismo\",\"https:\\\/\\\/www.instagram.com\\\/museu.angra\\\/\"]}]}<\/script>\n<!-- \/ Yoast SEO plugin. -->","yoast_head_json":{"title":"Senhor Santo Cristo dos Milagres (Lord Holy Christ of the Miracles) - Museum of Angra do Heroismo","robots":{"index":"index","follow":"follow","max-snippet":"max-snippet:-1","max-image-preview":"max-image-preview:large","max-video-preview":"max-video-preview:-1"},"canonical":"https:\/\/museu-angra.cultura.azores.gov.pt\/en\/others\/historical-pieces\/senhor-santo-cristo-dos-milagres-lord-holy-christ-of-the-miracles\/","og_locale":"en_US","og_type":"article","og_title":"Senhor Santo Cristo dos Milagres (Lord Holy Christ of the Miracles) - Museum of Angra do Heroismo","og_description":"Francisco Vieira Toste, better known as Chico Bogango, or as he preferred, Mogango, was born in S. Sebasti\u00e3o (February 1, 1891 \u2013 October 10, 1974). &#13; A skilled carpenter and joiner, he was primarily distinguished as a painter, creating numerous canvases, banners, and flags\u2014mostly with religious inspiration\u2014executing mural paintings in \u201cimp\u00e9rios\u201d and private homes, and [&hellip;]","og_url":"https:\/\/museu-angra.cultura.azores.gov.pt\/en\/others\/historical-pieces\/senhor-santo-cristo-dos-milagres-lord-holy-christ-of-the-miracles\/","og_site_name":"Museum of Angra do Heroismo","article_publisher":"https:\/\/www.facebook.com\/MuseuDeAngraDoHeroismo","article_modified_time":"2025-12-31T11:15:32+00:00","og_image":[{"width":630,"height":400,"url":"https:\/\/museu-angra.cultura.azores.gov.pt\/wp-content\/uploads\/2025\/03\/banner-36.jpg","type":"image\/jpeg"}],"twitter_card":"summary_large_image","twitter_misc":{"Est. reading time":"1 minute"},"schema":{"@context":"https:\/\/schema.org","@graph":[{"@type":"WebPage","@id":"https:\/\/museu-angra.cultura.azores.gov.pt\/en\/others\/historical-pieces\/senhor-santo-cristo-dos-milagres-lord-holy-christ-of-the-miracles\/","url":"https:\/\/museu-angra.cultura.azores.gov.pt\/en\/others\/historical-pieces\/senhor-santo-cristo-dos-milagres-lord-holy-christ-of-the-miracles\/","name":"Senhor Santo Cristo dos Milagres (Lord Holy Christ of the Miracles) - Museum of Angra do Heroismo","isPartOf":{"@id":"https:\/\/museu-angra.cultura.azores.gov.pt\/en\/#website"},"primaryImageOfPage":{"@id":"https:\/\/museu-angra.cultura.azores.gov.pt\/en\/others\/historical-pieces\/senhor-santo-cristo-dos-milagres-lord-holy-christ-of-the-miracles\/#primaryimage"},"image":{"@id":"https:\/\/museu-angra.cultura.azores.gov.pt\/en\/others\/historical-pieces\/senhor-santo-cristo-dos-milagres-lord-holy-christ-of-the-miracles\/#primaryimage"},"thumbnailUrl":"https:\/\/museu-angra.cultura.azores.gov.pt\/wp-content\/uploads\/2025\/03\/banner-36.jpg","datePublished":"2025-03-10T16:50:57+00:00","dateModified":"2025-12-31T11:15:32+00:00","breadcrumb":{"@id":"https:\/\/museu-angra.cultura.azores.gov.pt\/en\/others\/historical-pieces\/senhor-santo-cristo-dos-milagres-lord-holy-christ-of-the-miracles\/#breadcrumb"},"inLanguage":"en-US","potentialAction":[{"@type":"ReadAction","target":["https:\/\/museu-angra.cultura.azores.gov.pt\/en\/others\/historical-pieces\/senhor-santo-cristo-dos-milagres-lord-holy-christ-of-the-miracles\/"]}]},{"@type":"ImageObject","inLanguage":"en-US","@id":"https:\/\/museu-angra.cultura.azores.gov.pt\/en\/others\/historical-pieces\/senhor-santo-cristo-dos-milagres-lord-holy-christ-of-the-miracles\/#primaryimage","url":"https:\/\/museu-angra.cultura.azores.gov.pt\/wp-content\/uploads\/2025\/03\/banner-36.jpg","contentUrl":"https:\/\/museu-angra.cultura.azores.gov.pt\/wp-content\/uploads\/2025\/03\/banner-36.jpg"},{"@type":"BreadcrumbList","@id":"https:\/\/museu-angra.cultura.azores.gov.pt\/en\/others\/historical-pieces\/senhor-santo-cristo-dos-milagres-lord-holy-christ-of-the-miracles\/#breadcrumb","itemListElement":[{"@type":"ListItem","position":1,"name":"In\u00edcio","item":"https:\/\/museu-angra.cultura.azores.gov.pt\/en\/"},{"@type":"ListItem","position":2,"name":"Others","item":"https:\/\/museu-angra.cultura.azores.gov.pt\/en\/outras\/"},{"@type":"ListItem","position":3,"name":"Historical Pieces","item":"https:\/\/museu-angra.cultura.azores.gov.pt\/en\/others\/historical-pieces\/"},{"@type":"ListItem","position":4,"name":"Senhor Santo Cristo dos Milagres (Lord Holy Christ of the Miracles)"}]},{"@type":"WebSite","@id":"https:\/\/museu-angra.cultura.azores.gov.pt\/en\/#website","url":"https:\/\/museu-angra.cultura.azores.gov.pt\/en\/","name":"Museu de Angra do Hero\u00edsmo","description":"Website do Museu de Angra do Heroismo.","publisher":{"@id":"https:\/\/museu-angra.cultura.azores.gov.pt\/en\/#organization"},"potentialAction":[{"@type":"SearchAction","target":{"@type":"EntryPoint","urlTemplate":"https:\/\/museu-angra.cultura.azores.gov.pt\/en\/?s={search_term_string}"},"query-input":{"@type":"PropertyValueSpecification","valueRequired":true,"valueName":"search_term_string"}}],"inLanguage":"en-US"},{"@type":"Organization","@id":"https:\/\/museu-angra.cultura.azores.gov.pt\/en\/#organization","name":"Museu de Angra do Hero\u00edsmo","url":"https:\/\/museu-angra.cultura.azores.gov.pt\/en\/","logo":{"@type":"ImageObject","inLanguage":"en-US","@id":"https:\/\/museu-angra.cultura.azores.gov.pt\/en\/#\/schema\/logo\/image\/","url":"https:\/\/museu-angra.cultura.azores.gov.pt\/wp-content\/uploads\/2024\/01\/MicrosoftTeams-image-1.png","contentUrl":"https:\/\/museu-angra.cultura.azores.gov.pt\/wp-content\/uploads\/2024\/01\/MicrosoftTeams-image-1.png","width":512,"height":512,"caption":"Museu de Angra do Hero\u00edsmo"},"image":{"@id":"https:\/\/museu-angra.cultura.azores.gov.pt\/en\/#\/schema\/logo\/image\/"},"sameAs":["https:\/\/www.facebook.com\/MuseuDeAngraDoHeroismo","https:\/\/www.instagram.com\/museu.angra\/"]}]}},"_links":{"self":[{"href":"https:\/\/museu-angra.cultura.azores.gov.pt\/en\/wp-json\/wp\/v2\/pages\/19846","targetHints":{"allow":["GET"]}}],"collection":[{"href":"https:\/\/museu-angra.cultura.azores.gov.pt\/en\/wp-json\/wp\/v2\/pages"}],"about":[{"href":"https:\/\/museu-angra.cultura.azores.gov.pt\/en\/wp-json\/wp\/v2\/types\/page"}],"author":[{"embeddable":true,"href":"https:\/\/museu-angra.cultura.azores.gov.pt\/en\/wp-json\/wp\/v2\/users\/5"}],"replies":[{"embeddable":true,"href":"https:\/\/museu-angra.cultura.azores.gov.pt\/en\/wp-json\/wp\/v2\/comments?post=19846"}],"version-history":[{"count":1,"href":"https:\/\/museu-angra.cultura.azores.gov.pt\/en\/wp-json\/wp\/v2\/pages\/19846\/revisions"}],"predecessor-version":[{"id":19847,"href":"https:\/\/museu-angra.cultura.azores.gov.pt\/en\/wp-json\/wp\/v2\/pages\/19846\/revisions\/19847"}],"up":[{"embeddable":true,"href":"https:\/\/museu-angra.cultura.azores.gov.pt\/en\/wp-json\/wp\/v2\/pages\/19114"}],"wp:attachment":[{"href":"https:\/\/museu-angra.cultura.azores.gov.pt\/en\/wp-json\/wp\/v2\/media?parent=19846"}],"curies":[{"name":"wp","href":"https:\/\/api.w.org\/{rel}","templated":true}]}}