{"id":19790,"date":"2025-03-12T15:33:54","date_gmt":"2025-03-12T16:33:54","guid":{"rendered":"https:\/\/museu-angra.cultura.azores.gov.pt\/others\/historical-pieces\/nau-principe-real\/"},"modified":"2025-12-31T09:57:58","modified_gmt":"2025-12-31T10:57:58","slug":"nau-principe-real","status":"publish","type":"page","link":"https:\/\/museu-angra.cultura.azores.gov.pt\/en\/others\/historical-pieces\/nau-principe-real\/","title":{"rendered":"Nau &#8216;Pr\u00edncipe Real&#8217;"},"content":{"rendered":"\n<div class=\"wp-block-media-text has-media-on-the-right is-stacked-on-mobile is-vertically-aligned-top\" style=\"grid-template-columns:auto 40%\"><div class=\"wp-block-media-text__content\">\n<p>The Pr\u00edncipe Real was a ship of the line in service with the Portuguese Navy between 1771 and 1822 and was the most powerful Portuguese warship ever built. The vessel was constructed in 1771 at the Royal Navy Arsenal in Lisbon under the direction of Manuel Vicente Nunes and was originally christened Nossa Senhora da Concei\u00e7\u00e3o. Officially classified as an \u201c80-gun ship,\u201d it could actually carry up to 110 cannons.&#13;\n&#13;\nDuring its early career, Nossa Senhora da Concei\u00e7\u00e3o served as the flagship of the Strait Squadron, under Lieutenant-General Jos\u00e9 Sanches de Brito, ensuring the safety of navigation through the Strait of Gibraltar. In 1794, the ship was overhauled and renamed Pr\u00edncipe Real. The new name followed the Portuguese Navy\u2019s policy of naming ships after historical, mythological, or royal figures, instead of saints, as had previously been customary.&#13;\n&#13;\nThe Pr\u00edncipe Real joined the Portuguese squadron sent to the Mediterranean in 1788 to assist Admiral Nelson\u2019s British naval forces. Until 1800, it remained in the Mediterranean as the flagship of the admiral, the Marquis of Nisa. In 1807, the Pr\u00edncipe Real sailed to Brazil as the flagship of the squadron transporting the Portuguese Court. Commanded by Captain of Sea and War Francisco Jos\u00e9 de Canto e Castro Mascarenhas, on board were the fleet commander-in-chief, Squadron Chief Manuel da Cunha Sotto-Maior, and the Prince Regent, D. Jo\u00e3o.&#13;\n&#13;\nAt the time of Brazil\u2019s independence in 1822, the Pr\u00edncipe Real was anchored in the port of Rio de Janeiro. It was then incorporated into the new Brazilian Navy as part of its initial core of ships. However, as it was no longer seaworthy, it was converted into a depot ship.&#13;\n&#13;\nThis model belongs to the Nautical and Aeronautical Collection of the Museum of Angra do Heroismo.<\/p>\n<\/div><figure class=\"wp-block-media-text__media\"><img loading=\"lazy\" decoding=\"async\" width=\"630\" height=\"400\" src=\"https:\/\/museu-angra.cultura.azores.gov.pt\/wp-content\/uploads\/2025\/03\/banner-66.jpg\" alt=\"\" class=\"wp-image-12577 size-full\" srcset=\"https:\/\/museu-angra.cultura.azores.gov.pt\/wp-content\/uploads\/2025\/03\/banner-66.jpg 630w, https:\/\/museu-angra.cultura.azores.gov.pt\/wp-content\/uploads\/2025\/03\/banner-66-300x190.jpg 300w\" sizes=\"auto, (max-width: 630px) 100vw, 630px\" \/><\/figure><\/div>\n","protected":false},"excerpt":{"rendered":"<p>The Pr\u00edncipe Real was a ship of the line in service with the Portuguese Navy between 1771 and 1822 and was the most powerful Portuguese warship ever built. The vessel was constructed in 1771 at the Royal Navy Arsenal in Lisbon under the direction of Manuel Vicente Nunes and was originally christened Nossa Senhora da [&hellip;]<\/p>\n","protected":false},"author":5,"featured_media":0,"parent":19114,"menu_order":0,"comment_status":"closed","ping_status":"closed","template":"","meta":{"footnotes":""},"class_list":["post-19790","page","type-page","status-publish","hentry"],"acf":[],"yoast_head":"<!-- This site is optimized with the Yoast SEO plugin v27.5 - https:\/\/yoast.com\/product\/yoast-seo-wordpress\/ -->\n<title>Nau &#039;Pr\u00edncipe Real&#039; - Museum of Angra do Heroismo<\/title>\n<meta name=\"robots\" content=\"index, follow, max-snippet:-1, max-image-preview:large, max-video-preview:-1\" \/>\n<link rel=\"canonical\" href=\"https:\/\/museu-angra.cultura.azores.gov.pt\/en\/others\/historical-pieces\/nau-principe-real\/\" \/>\n<meta property=\"og:locale\" content=\"en_US\" \/>\n<meta property=\"og:type\" content=\"article\" \/>\n<meta property=\"og:title\" content=\"Nau &#039;Pr\u00edncipe Real&#039; - Museum of Angra do Heroismo\" \/>\n<meta property=\"og:description\" content=\"The Pr\u00edncipe Real was a ship of the line in service with the Portuguese Navy between 1771 and 1822 and was the most powerful Portuguese warship ever built. The vessel was constructed in 1771 at the Royal Navy Arsenal in Lisbon under the direction of Manuel Vicente Nunes and was originally christened Nossa Senhora da [&hellip;]\" \/>\n<meta property=\"og:url\" content=\"https:\/\/museu-angra.cultura.azores.gov.pt\/en\/others\/historical-pieces\/nau-principe-real\/\" \/>\n<meta property=\"og:site_name\" content=\"Museum of Angra do Heroismo\" \/>\n<meta property=\"article:publisher\" content=\"https:\/\/www.facebook.com\/MuseuDeAngraDoHeroismo\" \/>\n<meta property=\"article:modified_time\" content=\"2025-12-31T10:57:58+00:00\" \/>\n<meta property=\"og:image\" content=\"https:\/\/museu-angra.cultura.azores.gov.pt\/wp-content\/uploads\/2025\/03\/banner-66.jpg\" \/>\n\t<meta property=\"og:image:width\" content=\"630\" \/>\n\t<meta property=\"og:image:height\" content=\"400\" \/>\n\t<meta property=\"og:image:type\" content=\"image\/jpeg\" \/>\n<meta name=\"twitter:card\" content=\"summary_large_image\" \/>\n<meta name=\"twitter:label1\" content=\"Est. reading time\" \/>\n\t<meta name=\"twitter:data1\" content=\"1 minute\" \/>\n<script type=\"application\/ld+json\" class=\"yoast-schema-graph\">{\"@context\":\"https:\\\/\\\/schema.org\",\"@graph\":[{\"@type\":\"WebPage\",\"@id\":\"https:\\\/\\\/museu-angra.cultura.azores.gov.pt\\\/en\\\/others\\\/historical-pieces\\\/nau-principe-real\\\/\",\"url\":\"https:\\\/\\\/museu-angra.cultura.azores.gov.pt\\\/en\\\/others\\\/historical-pieces\\\/nau-principe-real\\\/\",\"name\":\"Nau 'Pr\u00edncipe Real' - Museum of Angra do Heroismo\",\"isPartOf\":{\"@id\":\"https:\\\/\\\/museu-angra.cultura.azores.gov.pt\\\/en\\\/#website\"},\"primaryImageOfPage\":{\"@id\":\"https:\\\/\\\/museu-angra.cultura.azores.gov.pt\\\/en\\\/others\\\/historical-pieces\\\/nau-principe-real\\\/#primaryimage\"},\"image\":{\"@id\":\"https:\\\/\\\/museu-angra.cultura.azores.gov.pt\\\/en\\\/others\\\/historical-pieces\\\/nau-principe-real\\\/#primaryimage\"},\"thumbnailUrl\":\"https:\\\/\\\/museu-angra.cultura.azores.gov.pt\\\/wp-content\\\/uploads\\\/2025\\\/03\\\/banner-66.jpg\",\"datePublished\":\"2025-03-12T16:33:54+00:00\",\"dateModified\":\"2025-12-31T10:57:58+00:00\",\"breadcrumb\":{\"@id\":\"https:\\\/\\\/museu-angra.cultura.azores.gov.pt\\\/en\\\/others\\\/historical-pieces\\\/nau-principe-real\\\/#breadcrumb\"},\"inLanguage\":\"en-US\",\"potentialAction\":[{\"@type\":\"ReadAction\",\"target\":[\"https:\\\/\\\/museu-angra.cultura.azores.gov.pt\\\/en\\\/others\\\/historical-pieces\\\/nau-principe-real\\\/\"]}]},{\"@type\":\"ImageObject\",\"inLanguage\":\"en-US\",\"@id\":\"https:\\\/\\\/museu-angra.cultura.azores.gov.pt\\\/en\\\/others\\\/historical-pieces\\\/nau-principe-real\\\/#primaryimage\",\"url\":\"https:\\\/\\\/museu-angra.cultura.azores.gov.pt\\\/wp-content\\\/uploads\\\/2025\\\/03\\\/banner-66.jpg\",\"contentUrl\":\"https:\\\/\\\/museu-angra.cultura.azores.gov.pt\\\/wp-content\\\/uploads\\\/2025\\\/03\\\/banner-66.jpg\"},{\"@type\":\"BreadcrumbList\",\"@id\":\"https:\\\/\\\/museu-angra.cultura.azores.gov.pt\\\/en\\\/others\\\/historical-pieces\\\/nau-principe-real\\\/#breadcrumb\",\"itemListElement\":[{\"@type\":\"ListItem\",\"position\":1,\"name\":\"In\u00edcio\",\"item\":\"https:\\\/\\\/museu-angra.cultura.azores.gov.pt\\\/en\\\/\"},{\"@type\":\"ListItem\",\"position\":2,\"name\":\"Others\",\"item\":\"https:\\\/\\\/museu-angra.cultura.azores.gov.pt\\\/en\\\/outras\\\/\"},{\"@type\":\"ListItem\",\"position\":3,\"name\":\"Historical Pieces\",\"item\":\"https:\\\/\\\/museu-angra.cultura.azores.gov.pt\\\/en\\\/others\\\/historical-pieces\\\/\"},{\"@type\":\"ListItem\",\"position\":4,\"name\":\"Nau &#8216;Pr\u00edncipe Real&#8217;\"}]},{\"@type\":\"WebSite\",\"@id\":\"https:\\\/\\\/museu-angra.cultura.azores.gov.pt\\\/en\\\/#website\",\"url\":\"https:\\\/\\\/museu-angra.cultura.azores.gov.pt\\\/en\\\/\",\"name\":\"Museu de Angra do Hero\u00edsmo\",\"description\":\"Website do Museu de Angra do Heroismo.\",\"publisher\":{\"@id\":\"https:\\\/\\\/museu-angra.cultura.azores.gov.pt\\\/en\\\/#organization\"},\"potentialAction\":[{\"@type\":\"SearchAction\",\"target\":{\"@type\":\"EntryPoint\",\"urlTemplate\":\"https:\\\/\\\/museu-angra.cultura.azores.gov.pt\\\/en\\\/?s={search_term_string}\"},\"query-input\":{\"@type\":\"PropertyValueSpecification\",\"valueRequired\":true,\"valueName\":\"search_term_string\"}}],\"inLanguage\":\"en-US\"},{\"@type\":\"Organization\",\"@id\":\"https:\\\/\\\/museu-angra.cultura.azores.gov.pt\\\/en\\\/#organization\",\"name\":\"Museu de Angra do Hero\u00edsmo\",\"url\":\"https:\\\/\\\/museu-angra.cultura.azores.gov.pt\\\/en\\\/\",\"logo\":{\"@type\":\"ImageObject\",\"inLanguage\":\"en-US\",\"@id\":\"https:\\\/\\\/museu-angra.cultura.azores.gov.pt\\\/en\\\/#\\\/schema\\\/logo\\\/image\\\/\",\"url\":\"https:\\\/\\\/museu-angra.cultura.azores.gov.pt\\\/wp-content\\\/uploads\\\/2024\\\/01\\\/MicrosoftTeams-image-1.png\",\"contentUrl\":\"https:\\\/\\\/museu-angra.cultura.azores.gov.pt\\\/wp-content\\\/uploads\\\/2024\\\/01\\\/MicrosoftTeams-image-1.png\",\"width\":512,\"height\":512,\"caption\":\"Museu de Angra do Hero\u00edsmo\"},\"image\":{\"@id\":\"https:\\\/\\\/museu-angra.cultura.azores.gov.pt\\\/en\\\/#\\\/schema\\\/logo\\\/image\\\/\"},\"sameAs\":[\"https:\\\/\\\/www.facebook.com\\\/MuseuDeAngraDoHeroismo\",\"https:\\\/\\\/www.instagram.com\\\/museu.angra\\\/\"]}]}<\/script>\n<!-- \/ Yoast SEO plugin. -->","yoast_head_json":{"title":"Nau 'Pr\u00edncipe Real' - Museum of Angra do Heroismo","robots":{"index":"index","follow":"follow","max-snippet":"max-snippet:-1","max-image-preview":"max-image-preview:large","max-video-preview":"max-video-preview:-1"},"canonical":"https:\/\/museu-angra.cultura.azores.gov.pt\/en\/others\/historical-pieces\/nau-principe-real\/","og_locale":"en_US","og_type":"article","og_title":"Nau 'Pr\u00edncipe Real' - Museum of Angra do Heroismo","og_description":"The Pr\u00edncipe Real was a ship of the line in service with the Portuguese Navy between 1771 and 1822 and was the most powerful Portuguese warship ever built. The vessel was constructed in 1771 at the Royal Navy Arsenal in Lisbon under the direction of Manuel Vicente Nunes and was originally christened Nossa Senhora da [&hellip;]","og_url":"https:\/\/museu-angra.cultura.azores.gov.pt\/en\/others\/historical-pieces\/nau-principe-real\/","og_site_name":"Museum of Angra do Heroismo","article_publisher":"https:\/\/www.facebook.com\/MuseuDeAngraDoHeroismo","article_modified_time":"2025-12-31T10:57:58+00:00","og_image":[{"width":630,"height":400,"url":"https:\/\/museu-angra.cultura.azores.gov.pt\/wp-content\/uploads\/2025\/03\/banner-66.jpg","type":"image\/jpeg"}],"twitter_card":"summary_large_image","twitter_misc":{"Est. reading time":"1 minute"},"schema":{"@context":"https:\/\/schema.org","@graph":[{"@type":"WebPage","@id":"https:\/\/museu-angra.cultura.azores.gov.pt\/en\/others\/historical-pieces\/nau-principe-real\/","url":"https:\/\/museu-angra.cultura.azores.gov.pt\/en\/others\/historical-pieces\/nau-principe-real\/","name":"Nau 'Pr\u00edncipe Real' - Museum of Angra do Heroismo","isPartOf":{"@id":"https:\/\/museu-angra.cultura.azores.gov.pt\/en\/#website"},"primaryImageOfPage":{"@id":"https:\/\/museu-angra.cultura.azores.gov.pt\/en\/others\/historical-pieces\/nau-principe-real\/#primaryimage"},"image":{"@id":"https:\/\/museu-angra.cultura.azores.gov.pt\/en\/others\/historical-pieces\/nau-principe-real\/#primaryimage"},"thumbnailUrl":"https:\/\/museu-angra.cultura.azores.gov.pt\/wp-content\/uploads\/2025\/03\/banner-66.jpg","datePublished":"2025-03-12T16:33:54+00:00","dateModified":"2025-12-31T10:57:58+00:00","breadcrumb":{"@id":"https:\/\/museu-angra.cultura.azores.gov.pt\/en\/others\/historical-pieces\/nau-principe-real\/#breadcrumb"},"inLanguage":"en-US","potentialAction":[{"@type":"ReadAction","target":["https:\/\/museu-angra.cultura.azores.gov.pt\/en\/others\/historical-pieces\/nau-principe-real\/"]}]},{"@type":"ImageObject","inLanguage":"en-US","@id":"https:\/\/museu-angra.cultura.azores.gov.pt\/en\/others\/historical-pieces\/nau-principe-real\/#primaryimage","url":"https:\/\/museu-angra.cultura.azores.gov.pt\/wp-content\/uploads\/2025\/03\/banner-66.jpg","contentUrl":"https:\/\/museu-angra.cultura.azores.gov.pt\/wp-content\/uploads\/2025\/03\/banner-66.jpg"},{"@type":"BreadcrumbList","@id":"https:\/\/museu-angra.cultura.azores.gov.pt\/en\/others\/historical-pieces\/nau-principe-real\/#breadcrumb","itemListElement":[{"@type":"ListItem","position":1,"name":"In\u00edcio","item":"https:\/\/museu-angra.cultura.azores.gov.pt\/en\/"},{"@type":"ListItem","position":2,"name":"Others","item":"https:\/\/museu-angra.cultura.azores.gov.pt\/en\/outras\/"},{"@type":"ListItem","position":3,"name":"Historical Pieces","item":"https:\/\/museu-angra.cultura.azores.gov.pt\/en\/others\/historical-pieces\/"},{"@type":"ListItem","position":4,"name":"Nau &#8216;Pr\u00edncipe Real&#8217;"}]},{"@type":"WebSite","@id":"https:\/\/museu-angra.cultura.azores.gov.pt\/en\/#website","url":"https:\/\/museu-angra.cultura.azores.gov.pt\/en\/","name":"Museu de Angra do Hero\u00edsmo","description":"Website do Museu de Angra do Heroismo.","publisher":{"@id":"https:\/\/museu-angra.cultura.azores.gov.pt\/en\/#organization"},"potentialAction":[{"@type":"SearchAction","target":{"@type":"EntryPoint","urlTemplate":"https:\/\/museu-angra.cultura.azores.gov.pt\/en\/?s={search_term_string}"},"query-input":{"@type":"PropertyValueSpecification","valueRequired":true,"valueName":"search_term_string"}}],"inLanguage":"en-US"},{"@type":"Organization","@id":"https:\/\/museu-angra.cultura.azores.gov.pt\/en\/#organization","name":"Museu de Angra do Hero\u00edsmo","url":"https:\/\/museu-angra.cultura.azores.gov.pt\/en\/","logo":{"@type":"ImageObject","inLanguage":"en-US","@id":"https:\/\/museu-angra.cultura.azores.gov.pt\/en\/#\/schema\/logo\/image\/","url":"https:\/\/museu-angra.cultura.azores.gov.pt\/wp-content\/uploads\/2024\/01\/MicrosoftTeams-image-1.png","contentUrl":"https:\/\/museu-angra.cultura.azores.gov.pt\/wp-content\/uploads\/2024\/01\/MicrosoftTeams-image-1.png","width":512,"height":512,"caption":"Museu de Angra do Hero\u00edsmo"},"image":{"@id":"https:\/\/museu-angra.cultura.azores.gov.pt\/en\/#\/schema\/logo\/image\/"},"sameAs":["https:\/\/www.facebook.com\/MuseuDeAngraDoHeroismo","https:\/\/www.instagram.com\/museu.angra\/"]}]}},"_links":{"self":[{"href":"https:\/\/museu-angra.cultura.azores.gov.pt\/en\/wp-json\/wp\/v2\/pages\/19790","targetHints":{"allow":["GET"]}}],"collection":[{"href":"https:\/\/museu-angra.cultura.azores.gov.pt\/en\/wp-json\/wp\/v2\/pages"}],"about":[{"href":"https:\/\/museu-angra.cultura.azores.gov.pt\/en\/wp-json\/wp\/v2\/types\/page"}],"author":[{"embeddable":true,"href":"https:\/\/museu-angra.cultura.azores.gov.pt\/en\/wp-json\/wp\/v2\/users\/5"}],"replies":[{"embeddable":true,"href":"https:\/\/museu-angra.cultura.azores.gov.pt\/en\/wp-json\/wp\/v2\/comments?post=19790"}],"version-history":[{"count":1,"href":"https:\/\/museu-angra.cultura.azores.gov.pt\/en\/wp-json\/wp\/v2\/pages\/19790\/revisions"}],"predecessor-version":[{"id":19791,"href":"https:\/\/museu-angra.cultura.azores.gov.pt\/en\/wp-json\/wp\/v2\/pages\/19790\/revisions\/19791"}],"up":[{"embeddable":true,"href":"https:\/\/museu-angra.cultura.azores.gov.pt\/en\/wp-json\/wp\/v2\/pages\/19114"}],"wp:attachment":[{"href":"https:\/\/museu-angra.cultura.azores.gov.pt\/en\/wp-json\/wp\/v2\/media?parent=19790"}],"curies":[{"name":"wp","href":"https:\/\/api.w.org\/{rel}","templated":true}]}}