{"id":19440,"date":"2025-04-30T16:39:03","date_gmt":"2025-04-30T16:39:03","guid":{"rendered":"https:\/\/museu-angra.cultura.azores.gov.pt\/museu-oficina\/museum-workshop-2009\/"},"modified":"2025-12-19T17:26:17","modified_gmt":"2025-12-19T18:26:17","slug":"museum-workshop-2009","status":"publish","type":"page","link":"https:\/\/museu-angra.cultura.azores.gov.pt\/en\/museu-oficina\/museum-workshop-2009\/","title":{"rendered":"Museum Workshop 2009"},"content":{"rendered":"\n<div class=\"wp-block-buttons is-layout-flex wp-block-buttons-is-layout-flex\">\n<div class=\"wp-block-button is-style-fill\"><a class=\"wp-block-button__link has-small-font-size has-custom-font-size wp-element-button\" href=\"https:\/\/museu-angra.cultura.azores.gov.pt\/museu-oficina\/\" style=\"border-radius:0px\">2024<\/a><\/div>\n\n\n\n<div class=\"wp-block-button is-style-fill\"><a class=\"wp-block-button__link has-small-font-size has-custom-font-size wp-element-button\" href=\"https:\/\/museu-angra.cultura.azores.gov.pt\/museu-oficina\/museu-oficina-2023\/\" style=\"border-radius:0px\">2023<\/a><\/div>\n\n\n\n<div class=\"wp-block-button is-style-fill\"><a class=\"wp-block-button__link has-small-font-size has-custom-font-size wp-element-button\" href=\"https:\/\/museu-angra.cultura.azores.gov.pt\/museu-oficina\/museu-oficina-2022\/\" style=\"border-radius:0px\">2022<\/a><\/div>\n\n\n\n<div class=\"wp-block-button is-style-fill\"><a class=\"wp-block-button__link has-small-font-size has-custom-font-size wp-element-button\" href=\"https:\/\/museu-angra.cultura.azores.gov.pt\/museu-oficina\/museu-oficina-2021\/\" style=\"border-radius:0px\">2021<\/a><\/div>\n\n\n\n<div class=\"wp-block-button is-style-fill\"><a class=\"wp-block-button__link has-small-font-size has-custom-font-size wp-element-button\" href=\"https:\/\/museu-angra.cultura.azores.gov.pt\/museu-oficina\/museu-oficina-2023\/museu-oficina-2022\/museu-oficina-2021\/museu-oficina-2020\/\" style=\"border-radius:0px\">2020<\/a><\/div>\n\n\n\n<div class=\"wp-block-button is-style-fill\"><a class=\"wp-block-button__link has-small-font-size has-custom-font-size wp-element-button\" href=\"https:\/\/museu-angra.cultura.azores.gov.pt\/museu-oficina\/museu-oficina-2019\/\" style=\"border-radius:0px\">2019<\/a><\/div>\n\n\n\n<div class=\"wp-block-button is-style-fill\"><a class=\"wp-block-button__link has-small-font-size has-custom-font-size wp-element-button\" href=\"https:\/\/museu-angra.cultura.azores.gov.pt\/museu-oficina\/museu-oficina-2018\/\" style=\"border-radius:0px\">2018<\/a><\/div>\n\n\n\n<div class=\"wp-block-button is-style-fill\"><a class=\"wp-block-button__link has-small-font-size has-custom-font-size wp-element-button\" href=\"https:\/\/museu-angra.cultura.azores.gov.pt\/museu-oficina\/museu-oficina-2017\/\" style=\"border-radius:0px\">2017<\/a><\/div>\n\n\n\n<div class=\"wp-block-button is-style-fill\"><a class=\"wp-block-button__link has-small-font-size has-custom-font-size wp-element-button\" href=\"https:\/\/museu-angra.cultura.azores.gov.pt\/museu-oficina\/museu-oficina-2016\/\" style=\"border-radius:0px\">2016<\/a><\/div>\n\n\n\n<div class=\"wp-block-button is-style-fill\"><a class=\"wp-block-button__link has-small-font-size has-custom-font-size wp-element-button\" href=\"https:\/\/museu-angra.cultura.azores.gov.pt\/museu-oficina\/museu-oficina-2015\/\" style=\"border-radius:0px\">2015<\/a><\/div>\n\n\n\n<div class=\"wp-block-button is-style-fill\"><a class=\"wp-block-button__link has-small-font-size has-custom-font-size wp-element-button\" href=\"https:\/\/museu-angra.cultura.azores.gov.pt\/museu-oficina\/museu-oficina-2014\/\" style=\"border-radius:0px\">2014<\/a><\/div>\n\n\n\n<div class=\"wp-block-button is-style-fill\"><a class=\"wp-block-button__link has-small-font-size has-custom-font-size wp-element-button\" href=\"https:\/\/museu-angra.cultura.azores.gov.pt\/museu-oficina\/museu-oficina-2013\/\" style=\"border-radius:0px\">2013<\/a><\/div>\n\n\n\n<div class=\"wp-block-button is-style-fill\"><a class=\"wp-block-button__link has-small-font-size has-custom-font-size wp-element-button\" href=\"https:\/\/museu-angra.cultura.azores.gov.pt\/museu-oficina\/museu-oficina-2012\/\" style=\"border-radius:0px\">2012<\/a><\/div>\n\n\n\n<div class=\"wp-block-button is-style-fill\"><a class=\"wp-block-button__link has-small-font-size has-custom-font-size wp-element-button\" href=\"https:\/\/museu-angra.cultura.azores.gov.pt\/museu-oficina\/museu-oficina-2011\/\" style=\"border-radius:0px\">2011<\/a><\/div>\n\n\n\n<div class=\"wp-block-button is-style-fill\"><a class=\"wp-block-button__link has-small-font-size has-custom-font-size wp-element-button\" href=\"https:\/\/museu-angra.cultura.azores.gov.pt\/museu-oficina\/museu-oficina-2010\/\" style=\"border-radius:0px\">2010<\/a><\/div>\n\n\n\n<div class=\"wp-block-button is-style-fill\"><a class=\"wp-block-button__link has-background has-small-font-size has-custom-font-size wp-element-button\" href=\"https:\/\/museu-angra.cultura.azores.gov.pt\/museu-oficina\/museu-oficina-2009\/\" style=\"border-radius:0px;background-color:#b01c1c\">2009<\/a><\/div>\n\n\n\n<div class=\"wp-block-button is-style-fill\"><a class=\"wp-block-button__link has-small-font-size has-custom-font-size wp-element-button\" href=\"https:\/\/museu-angra.cultura.azores.gov.pt\/museu-oficina\/museu-oficina-2008\/\" style=\"border-radius:0px\">2008<\/a><\/div>\n<\/div>\n\n<hr class=\"wp-block-separator has-alpha-channel-opacity\"\/>\n\n<div class=\"wp-block-group is-layout-grid wp-container-core-group-is-layout-4d858cb8 wp-block-group-is-layout-grid\">\n<figure class=\"wp-block-image size-full\"><a href=\"https:\/\/museu-angra.cultura.azores.gov.pt\/events\/maos-na-massa\/\"><img decoding=\"async\" src=\"https:\/\/museu-angra.cultura.azores.gov.pt\/wp-content\/uploads\/2025\/05\/banner1-46.jpg\" alt=\"\" class=\"wp-image-14296\"\/><\/a><figcaption class=\"wp-element-caption\"><strong data-start=\"0\" data-end=\"18\" data-is-only-node=\"\">Hands on Dough<\/strong><br data-start=\"18\" data-end=\"21\"\/>26 Sep. and 10 Oct., 2:00\u202fpm\u20135:00\u202fpm<br data-start=\"57\" data-end=\"60\"\/>Target Audience: General Public<\/figcaption><\/figure>\n\n\n\n<figure class=\"wp-block-image size-full wp-container-content-e269605d\"><a href=\"https:\/\/museu-angra.cultura.azores.gov.pt\/events\/jardim-das-endemicas\/\"><img decoding=\"async\" src=\"https:\/\/museu-angra.cultura.azores.gov.pt\/wp-content\/uploads\/2025\/05\/banner1-47.jpg\" alt=\"\" class=\"wp-image-14298\"\/><\/a><figcaption class=\"wp-element-caption\"><strong><em>Jardim das End\u00e9micas<\/em>&#13;\n<\/strong>P\u00fablico-alvo: vari\u00e1vel em fun\u00e7\u00e3o da faixa et\u00e1ria<\/figcaption><\/figure>\n\n\n\n<figure class=\"wp-block-image size-full wp-container-content-e269605d\"><a href=\"https:\/\/museu-angra.cultura.azores.gov.pt\/events\/oficina-de-gravura\/\"><img decoding=\"async\" src=\"https:\/\/museu-angra.cultura.azores.gov.pt\/wp-content\/uploads\/2025\/05\/banner1-48.jpg\" alt=\"\" class=\"wp-image-14300\"\/><\/a><figcaption class=\"wp-element-caption\"><strong data-start=\"0\" data-end=\"24\" data-is-only-node=\"\">Printmaking Workshop<\/strong><br data-start=\"24\" data-end=\"27\"\/>Target Audience: 2nd and 3rd Cycle, Secondary Education Students<\/figcaption><\/figure>\n\n\n\n<figure class=\"wp-block-image size-full\"><a href=\"https:\/\/museu-angra.cultura.azores.gov.pt\/events\/caixa-de-pandora\/\"><img decoding=\"async\" src=\"https:\/\/museu-angra.cultura.azores.gov.pt\/wp-content\/uploads\/2025\/05\/banner1-49.jpg\" alt=\"\" class=\"wp-image-14302\"\/><\/a><figcaption class=\"wp-element-caption\"><strong data-start=\"0\" data-end=\"17\" data-is-only-node=\"\">Pandora\u2019s Box<\/strong><br data-start=\"17\" data-end=\"20\"\/>Target Audience: Variable, depending on age group<\/figcaption><\/figure>\n<\/div>\n\n<div class=\"wp-block-group is-layout-grid wp-container-core-group-is-layout-4d858cb8 wp-block-group-is-layout-grid\">\n<figure class=\"wp-block-image size-full\"><a href=\"https:\/\/museu-angra.cultura.azores.gov.pt\/events\/ovo-criativo\/\"><img decoding=\"async\" src=\"https:\/\/museu-angra.cultura.azores.gov.pt\/wp-content\/uploads\/2025\/05\/banner1-50.jpg\" alt=\"\" class=\"wp-image-14304\"\/><\/a><figcaption class=\"wp-element-caption\"><strong data-start=\"0\" data-end=\"16\" data-is-only-node=\"\">Creative Egg<\/strong><br data-start=\"16\" data-end=\"19\"\/>Target Audience: Variable, depending on age group<\/figcaption><\/figure>\n<\/div>\n\n<hr class=\"wp-block-separator has-alpha-channel-opacity\"\/>\n\n<p class=\"has-large-font-size\">Educational Museum: Temporary Activities<\/p>\n\n<div class=\"wp-block-group is-layout-grid wp-container-core-group-is-layout-4d858cb8 wp-block-group-is-layout-grid\">\n<figure class=\"wp-block-image size-full\"><a href=\"https:\/\/museu-angra.cultura.azores.gov.pt\/events\/painting-stars\/\"><img decoding=\"async\" src=\"https:\/\/museu-angra.cultura.azores.gov.pt\/wp-content\/uploads\/2025\/05\/banner1-51.jpg\" alt=\"\" class=\"wp-image-14306\"\/><\/a><figcaption class=\"wp-element-caption\"><strong data-start=\"0\" data-end=\"18\" data-is-only-node=\"\">Painting Stars<\/strong><br data-start=\"18\" data-end=\"21\"\/>Target Audience: Variable, depending on age group<\/figcaption><\/figure>\n\n\n\n<figure class=\"wp-block-image size-full\"><a href=\"https:\/\/museu-angra.cultura.azores.gov.pt\/events\/a-grande-guerra-no-museu-de-angra\/\"><img decoding=\"async\" src=\"https:\/\/museu-angra.cultura.azores.gov.pt\/wp-content\/uploads\/2025\/05\/banner1-52.jpg\" alt=\"\" class=\"wp-image-14308\"\/><\/a><figcaption class=\"wp-element-caption\"><strong data-start=\"0\" data-end=\"40\" data-is-only-node=\"\">The Great War at the Museum of Angra<\/strong><br data-start=\"40\" data-end=\"43\"\/>Target Audience: Variable, depending on age group<\/figcaption><\/figure>\n\n\n\n<figure class=\"wp-block-image size-full\"><a href=\"https:\/\/museu-angra.cultura.azores.gov.pt\/events\/a-cata-dos-ventos\/\"><img decoding=\"async\" src=\"https:\/\/museu-angra.cultura.azores.gov.pt\/wp-content\/uploads\/2025\/05\/banner1-53.jpg\" alt=\"\" class=\"wp-image-14310\"\/><\/a><figcaption class=\"wp-element-caption\"><strong data-start=\"0\" data-end=\"26\" data-is-only-node=\"\">In Search of the Winds<\/strong><br data-start=\"26\" data-end=\"29\"\/>Target Audience: Variable, depending on age group<\/figcaption><\/figure>\n\n\n\n<figure class=\"wp-block-image size-full\"><a href=\"https:\/\/museu-angra.cultura.azores.gov.pt\/events\/filigrana\/\"><img decoding=\"async\" src=\"https:\/\/museu-angra.cultura.azores.gov.pt\/wp-content\/uploads\/2025\/05\/banner1-54.jpg\" alt=\"\" class=\"wp-image-14312\"\/><\/a><figcaption class=\"wp-element-caption\"><strong data-start=\"0\" data-end=\"12\" data-is-only-node=\"\">Filigree<\/strong><br data-start=\"12\" data-end=\"15\"\/>Target Audience: Variable, depending on age group<\/figcaption><\/figure>\n<\/div>\n\n<div class=\"wp-block-group is-layout-grid wp-container-core-group-is-layout-4d858cb8 wp-block-group-is-layout-grid\">\n<figure class=\"wp-block-image size-full\"><a href=\"https:\/\/museu-angra.cultura.azores.gov.pt\/events\/brincar-as-casinhas\/\"><img decoding=\"async\" src=\"https:\/\/museu-angra.cultura.azores.gov.pt\/wp-content\/uploads\/2025\/05\/banner1-55.jpg\" alt=\"\" class=\"wp-image-14314\"\/><\/a><figcaption class=\"wp-element-caption\"><strong data-start=\"0\" data-end=\"17\" data-is-only-node=\"\">Playing House<\/strong><br data-start=\"17\" data-end=\"20\"\/>Target Audience: Preschool, 1st and 2nd Cycle Students, Adult Groups<\/figcaption><\/figure>\n\n\n\n<figure class=\"wp-block-image size-full\"><a href=\"https:\/\/museu-angra.cultura.azores.gov.pt\/events\/a-chuva-nao-cai-da-lua\/\"><img decoding=\"async\" src=\"https:\/\/museu-angra.cultura.azores.gov.pt\/wp-content\/uploads\/2025\/05\/banner1-56.jpg\" alt=\"\" class=\"wp-image-14316\"\/><\/a><figcaption class=\"wp-element-caption\"><strong data-start=\"0\" data-end=\"39\" data-is-only-node=\"\">The Rain Doesn\u2019t Fall from the Moon<\/strong><br data-start=\"39\" data-end=\"42\"\/>Target Audience: Adaptable, depending on age group<\/figcaption><\/figure>\n\n\n\n<figure class=\"wp-block-image size-full wp-container-content-e269605d\"><a href=\"https:\/\/museu-angra.cultura.azores.gov.pt\/events\/a-ver-estrelas\/\"><img decoding=\"async\" src=\"https:\/\/museu-angra.cultura.azores.gov.pt\/wp-content\/uploads\/2025\/05\/banner1-57.jpg\" alt=\"\" class=\"wp-image-14318\"\/><\/a><figcaption class=\"wp-element-caption\"><strong data-start=\"0\" data-end=\"16\" data-is-only-node=\"\">Seeing Stars<\/strong><br data-start=\"16\" data-end=\"19\"\/>Target Audience: Adaptable, depending on age group<\/figcaption><\/figure>\n\n\n\n<figure class=\"wp-block-image size-full\"><a href=\"https:\/\/museu-angra.cultura.azores.gov.pt\/events\/papel-feminino\/\"><img decoding=\"async\" src=\"https:\/\/museu-angra.cultura.azores.gov.pt\/wp-content\/uploads\/2025\/05\/banner1-58.jpg\" alt=\"\" class=\"wp-image-14320\"\/><\/a><figcaption class=\"wp-element-caption\"><strong data-start=\"0\" data-end=\"18\" data-is-only-node=\"\">Feminine Paper<\/strong><br data-start=\"18\" data-end=\"21\"\/>Target Audience: Variable, depending on age group<\/figcaption><\/figure>\n<\/div>\n\n<div class=\"wp-block-group is-layout-grid wp-container-core-group-is-layout-4d858cb8 wp-block-group-is-layout-grid\">\n<figure class=\"wp-block-image size-full\"><a href=\"https:\/\/museu-angra.cultura.azores.gov.pt\/events\/retratos-de-memoria\/\"><img decoding=\"async\" src=\"https:\/\/museu-angra.cultura.azores.gov.pt\/wp-content\/uploads\/2025\/05\/banner0.jpg\" alt=\"\" class=\"wp-image-14322\"\/><\/a><figcaption class=\"wp-element-caption\"><strong data-start=\"0\" data-end=\"23\" data-is-only-node=\"\">Portraits of Memory<\/strong><br data-start=\"23\" data-end=\"26\"\/>Target Audience: 1st, 2nd, and 3rd Cycle Students<\/figcaption><\/figure>\n\n\n\n<figure class=\"wp-block-image size-full wp-container-content-e269605d\"><a href=\"https:\/\/museu-angra.cultura.azores.gov.pt\/events\/o-meu-chapeu-tem-3-bicos\/\"><img decoding=\"async\" src=\"https:\/\/museu-angra.cultura.azores.gov.pt\/wp-content\/uploads\/2025\/05\/banner1-59.jpg\" alt=\"\" class=\"wp-image-14324\"\/><\/a><figcaption class=\"wp-element-caption\"><strong data-start=\"0\" data-end=\"27\" data-is-only-node=\"\">My Hat Has Three Points<\/strong><br data-start=\"27\" data-end=\"30\"\/>Target Audience: Preschool, 1st and 2nd Cycle Students<\/figcaption><\/figure>\n\n\n\n<figure class=\"wp-block-image size-full wp-container-content-e269605d\"><a href=\"https:\/\/museu-angra.cultura.azores.gov.pt\/events\/todos-a-bordo\/\"><img decoding=\"async\" src=\"https:\/\/museu-angra.cultura.azores.gov.pt\/wp-content\/uploads\/2025\/05\/banner1-60.jpg\" alt=\"\" class=\"wp-image-14326\"\/><\/a><figcaption class=\"wp-element-caption\"><strong data-start=\"0\" data-end=\"14\" data-is-only-node=\"\">All Aboard<\/strong><br data-start=\"14\" data-end=\"17\"\/>Target Audience: Adaptable, depending on age group<\/figcaption><\/figure>\n\n\n\n<figure class=\"wp-block-image size-full\"><a href=\"https:\/\/museu-angra.cultura.azores.gov.pt\/events\/visita-de-grupos-de-jovens-da-casa-de-saude-de-sao-rafael\/\"><img decoding=\"async\" src=\"https:\/\/museu-angra.cultura.azores.gov.pt\/wp-content\/uploads\/2025\/05\/banner1-61.jpg\" alt=\"\" class=\"wp-image-14328\"\/><\/a><figcaption class=\"wp-element-caption\">Visit by Youth Groups from the S\u00e3o Rafael Health Centre<\/figcaption><\/figure>\n<\/div>\n\n<div class=\"wp-block-group is-layout-grid wp-container-core-group-is-layout-4d858cb8 wp-block-group-is-layout-grid\">\n<figure class=\"wp-block-image size-full\"><a href=\"https:\/\/museu-angra.cultura.azores.gov.pt\/events\/planetario-digital-2\/\"><img decoding=\"async\" src=\"https:\/\/museu-angra.cultura.azores.gov.pt\/wp-content\/uploads\/2025\/05\/banner1-62.jpg\" alt=\"\" class=\"wp-image-14330\"\/><\/a><figcaption class=\"wp-element-caption\"><strong data-start=\"0\" data-end=\"23\" data-is-only-node=\"\">Digital Planetarium<\/strong><br data-start=\"23\" data-end=\"26\"\/>Target Audience: Variable, depending on age group<\/figcaption><\/figure>\n<\/div>\n","protected":false},"excerpt":{"rendered":"<p>Educational Museum: Temporary Activities<\/p>\n","protected":false},"author":5,"featured_media":0,"parent":18707,"menu_order":0,"comment_status":"closed","ping_status":"closed","template":"","meta":{"footnotes":""},"class_list":["post-19440","page","type-page","status-publish","hentry"],"acf":[],"yoast_head":"<!-- This site is optimized with the Yoast SEO plugin v27.4 - https:\/\/yoast.com\/product\/yoast-seo-wordpress\/ -->\n<title>Museum Workshop 2009 - Museum of Angra do Heroismo<\/title>\n<meta name=\"robots\" content=\"index, follow, max-snippet:-1, max-image-preview:large, max-video-preview:-1\" \/>\n<link rel=\"canonical\" href=\"https:\/\/museu-angra.cultura.azores.gov.pt\/en\/museu-oficina\/museum-workshop-2009\/\" \/>\n<meta property=\"og:locale\" content=\"en_US\" \/>\n<meta property=\"og:type\" content=\"article\" \/>\n<meta property=\"og:title\" content=\"Museum Workshop 2009 - Museum of Angra do Heroismo\" \/>\n<meta property=\"og:description\" content=\"Educational Museum: Temporary Activities\" \/>\n<meta property=\"og:url\" content=\"https:\/\/museu-angra.cultura.azores.gov.pt\/en\/museu-oficina\/museum-workshop-2009\/\" \/>\n<meta property=\"og:site_name\" content=\"Museum of Angra do Heroismo\" \/>\n<meta property=\"article:publisher\" content=\"https:\/\/www.facebook.com\/MuseuDeAngraDoHeroismo\" \/>\n<meta property=\"article:modified_time\" content=\"2025-12-19T18:26:17+00:00\" \/>\n<meta name=\"twitter:card\" content=\"summary_large_image\" \/>\n<meta name=\"twitter:label1\" content=\"Est. reading time\" \/>\n\t<meta name=\"twitter:data1\" content=\"1 minute\" \/>\n<script type=\"application\/ld+json\" class=\"yoast-schema-graph\">{\"@context\":\"https:\\\/\\\/schema.org\",\"@graph\":[{\"@type\":\"WebPage\",\"@id\":\"https:\\\/\\\/museu-angra.cultura.azores.gov.pt\\\/en\\\/museu-oficina\\\/museum-workshop-2009\\\/\",\"url\":\"https:\\\/\\\/museu-angra.cultura.azores.gov.pt\\\/en\\\/museu-oficina\\\/museum-workshop-2009\\\/\",\"name\":\"Museum Workshop 2009 - Museum of Angra do Heroismo\",\"isPartOf\":{\"@id\":\"https:\\\/\\\/museu-angra.cultura.azores.gov.pt\\\/en\\\/#website\"},\"primaryImageOfPage\":{\"@id\":\"https:\\\/\\\/museu-angra.cultura.azores.gov.pt\\\/en\\\/museu-oficina\\\/museum-workshop-2009\\\/#primaryimage\"},\"image\":{\"@id\":\"https:\\\/\\\/museu-angra.cultura.azores.gov.pt\\\/en\\\/museu-oficina\\\/museum-workshop-2009\\\/#primaryimage\"},\"thumbnailUrl\":\"https:\\\/\\\/museu-angra.cultura.azores.gov.pt\\\/wp-content\\\/uploads\\\/2025\\\/05\\\/banner1-46.jpg\",\"datePublished\":\"2025-04-30T16:39:03+00:00\",\"dateModified\":\"2025-12-19T18:26:17+00:00\",\"breadcrumb\":{\"@id\":\"https:\\\/\\\/museu-angra.cultura.azores.gov.pt\\\/en\\\/museu-oficina\\\/museum-workshop-2009\\\/#breadcrumb\"},\"inLanguage\":\"en-US\",\"potentialAction\":[{\"@type\":\"ReadAction\",\"target\":[\"https:\\\/\\\/museu-angra.cultura.azores.gov.pt\\\/en\\\/museu-oficina\\\/museum-workshop-2009\\\/\"]}]},{\"@type\":\"ImageObject\",\"inLanguage\":\"en-US\",\"@id\":\"https:\\\/\\\/museu-angra.cultura.azores.gov.pt\\\/en\\\/museu-oficina\\\/museum-workshop-2009\\\/#primaryimage\",\"url\":\"https:\\\/\\\/museu-angra.cultura.azores.gov.pt\\\/wp-content\\\/uploads\\\/2025\\\/05\\\/banner1-46.jpg\",\"contentUrl\":\"https:\\\/\\\/museu-angra.cultura.azores.gov.pt\\\/wp-content\\\/uploads\\\/2025\\\/05\\\/banner1-46.jpg\"},{\"@type\":\"BreadcrumbList\",\"@id\":\"https:\\\/\\\/museu-angra.cultura.azores.gov.pt\\\/en\\\/museu-oficina\\\/museum-workshop-2009\\\/#breadcrumb\",\"itemListElement\":[{\"@type\":\"ListItem\",\"position\":1,\"name\":\"In\u00edcio\",\"item\":\"https:\\\/\\\/museu-angra.cultura.azores.gov.pt\\\/en\\\/\"},{\"@type\":\"ListItem\",\"position\":2,\"name\":\"Museu Oficina\",\"item\":\"https:\\\/\\\/museu-angra.cultura.azores.gov.pt\\\/en\\\/museu-oficina\\\/\"},{\"@type\":\"ListItem\",\"position\":3,\"name\":\"Museum Workshop 2009\"}]},{\"@type\":\"WebSite\",\"@id\":\"https:\\\/\\\/museu-angra.cultura.azores.gov.pt\\\/en\\\/#website\",\"url\":\"https:\\\/\\\/museu-angra.cultura.azores.gov.pt\\\/en\\\/\",\"name\":\"Museu de Angra do Hero\u00edsmo\",\"description\":\"Website do Museu de Angra do Heroismo.\",\"publisher\":{\"@id\":\"https:\\\/\\\/museu-angra.cultura.azores.gov.pt\\\/en\\\/#organization\"},\"potentialAction\":[{\"@type\":\"SearchAction\",\"target\":{\"@type\":\"EntryPoint\",\"urlTemplate\":\"https:\\\/\\\/museu-angra.cultura.azores.gov.pt\\\/en\\\/?s={search_term_string}\"},\"query-input\":{\"@type\":\"PropertyValueSpecification\",\"valueRequired\":true,\"valueName\":\"search_term_string\"}}],\"inLanguage\":\"en-US\"},{\"@type\":\"Organization\",\"@id\":\"https:\\\/\\\/museu-angra.cultura.azores.gov.pt\\\/en\\\/#organization\",\"name\":\"Museu de Angra do Hero\u00edsmo\",\"url\":\"https:\\\/\\\/museu-angra.cultura.azores.gov.pt\\\/en\\\/\",\"logo\":{\"@type\":\"ImageObject\",\"inLanguage\":\"en-US\",\"@id\":\"https:\\\/\\\/museu-angra.cultura.azores.gov.pt\\\/en\\\/#\\\/schema\\\/logo\\\/image\\\/\",\"url\":\"https:\\\/\\\/museu-angra.cultura.azores.gov.pt\\\/wp-content\\\/uploads\\\/2024\\\/01\\\/MicrosoftTeams-image-1.png\",\"contentUrl\":\"https:\\\/\\\/museu-angra.cultura.azores.gov.pt\\\/wp-content\\\/uploads\\\/2024\\\/01\\\/MicrosoftTeams-image-1.png\",\"width\":512,\"height\":512,\"caption\":\"Museu de Angra do Hero\u00edsmo\"},\"image\":{\"@id\":\"https:\\\/\\\/museu-angra.cultura.azores.gov.pt\\\/en\\\/#\\\/schema\\\/logo\\\/image\\\/\"},\"sameAs\":[\"https:\\\/\\\/www.facebook.com\\\/MuseuDeAngraDoHeroismo\",\"https:\\\/\\\/www.instagram.com\\\/museu.angra\\\/\"]}]}<\/script>\n<!-- \/ Yoast SEO plugin. -->","yoast_head_json":{"title":"Museum Workshop 2009 - Museum of Angra do Heroismo","robots":{"index":"index","follow":"follow","max-snippet":"max-snippet:-1","max-image-preview":"max-image-preview:large","max-video-preview":"max-video-preview:-1"},"canonical":"https:\/\/museu-angra.cultura.azores.gov.pt\/en\/museu-oficina\/museum-workshop-2009\/","og_locale":"en_US","og_type":"article","og_title":"Museum Workshop 2009 - Museum of Angra do Heroismo","og_description":"Educational Museum: Temporary Activities","og_url":"https:\/\/museu-angra.cultura.azores.gov.pt\/en\/museu-oficina\/museum-workshop-2009\/","og_site_name":"Museum of Angra do Heroismo","article_publisher":"https:\/\/www.facebook.com\/MuseuDeAngraDoHeroismo","article_modified_time":"2025-12-19T18:26:17+00:00","twitter_card":"summary_large_image","twitter_misc":{"Est. reading time":"1 minute"},"schema":{"@context":"https:\/\/schema.org","@graph":[{"@type":"WebPage","@id":"https:\/\/museu-angra.cultura.azores.gov.pt\/en\/museu-oficina\/museum-workshop-2009\/","url":"https:\/\/museu-angra.cultura.azores.gov.pt\/en\/museu-oficina\/museum-workshop-2009\/","name":"Museum Workshop 2009 - Museum of Angra do Heroismo","isPartOf":{"@id":"https:\/\/museu-angra.cultura.azores.gov.pt\/en\/#website"},"primaryImageOfPage":{"@id":"https:\/\/museu-angra.cultura.azores.gov.pt\/en\/museu-oficina\/museum-workshop-2009\/#primaryimage"},"image":{"@id":"https:\/\/museu-angra.cultura.azores.gov.pt\/en\/museu-oficina\/museum-workshop-2009\/#primaryimage"},"thumbnailUrl":"https:\/\/museu-angra.cultura.azores.gov.pt\/wp-content\/uploads\/2025\/05\/banner1-46.jpg","datePublished":"2025-04-30T16:39:03+00:00","dateModified":"2025-12-19T18:26:17+00:00","breadcrumb":{"@id":"https:\/\/museu-angra.cultura.azores.gov.pt\/en\/museu-oficina\/museum-workshop-2009\/#breadcrumb"},"inLanguage":"en-US","potentialAction":[{"@type":"ReadAction","target":["https:\/\/museu-angra.cultura.azores.gov.pt\/en\/museu-oficina\/museum-workshop-2009\/"]}]},{"@type":"ImageObject","inLanguage":"en-US","@id":"https:\/\/museu-angra.cultura.azores.gov.pt\/en\/museu-oficina\/museum-workshop-2009\/#primaryimage","url":"https:\/\/museu-angra.cultura.azores.gov.pt\/wp-content\/uploads\/2025\/05\/banner1-46.jpg","contentUrl":"https:\/\/museu-angra.cultura.azores.gov.pt\/wp-content\/uploads\/2025\/05\/banner1-46.jpg"},{"@type":"BreadcrumbList","@id":"https:\/\/museu-angra.cultura.azores.gov.pt\/en\/museu-oficina\/museum-workshop-2009\/#breadcrumb","itemListElement":[{"@type":"ListItem","position":1,"name":"In\u00edcio","item":"https:\/\/museu-angra.cultura.azores.gov.pt\/en\/"},{"@type":"ListItem","position":2,"name":"Museu Oficina","item":"https:\/\/museu-angra.cultura.azores.gov.pt\/en\/museu-oficina\/"},{"@type":"ListItem","position":3,"name":"Museum Workshop 2009"}]},{"@type":"WebSite","@id":"https:\/\/museu-angra.cultura.azores.gov.pt\/en\/#website","url":"https:\/\/museu-angra.cultura.azores.gov.pt\/en\/","name":"Museu de Angra do Hero\u00edsmo","description":"Website do Museu de Angra do Heroismo.","publisher":{"@id":"https:\/\/museu-angra.cultura.azores.gov.pt\/en\/#organization"},"potentialAction":[{"@type":"SearchAction","target":{"@type":"EntryPoint","urlTemplate":"https:\/\/museu-angra.cultura.azores.gov.pt\/en\/?s={search_term_string}"},"query-input":{"@type":"PropertyValueSpecification","valueRequired":true,"valueName":"search_term_string"}}],"inLanguage":"en-US"},{"@type":"Organization","@id":"https:\/\/museu-angra.cultura.azores.gov.pt\/en\/#organization","name":"Museu de Angra do Hero\u00edsmo","url":"https:\/\/museu-angra.cultura.azores.gov.pt\/en\/","logo":{"@type":"ImageObject","inLanguage":"en-US","@id":"https:\/\/museu-angra.cultura.azores.gov.pt\/en\/#\/schema\/logo\/image\/","url":"https:\/\/museu-angra.cultura.azores.gov.pt\/wp-content\/uploads\/2024\/01\/MicrosoftTeams-image-1.png","contentUrl":"https:\/\/museu-angra.cultura.azores.gov.pt\/wp-content\/uploads\/2024\/01\/MicrosoftTeams-image-1.png","width":512,"height":512,"caption":"Museu de Angra do Hero\u00edsmo"},"image":{"@id":"https:\/\/museu-angra.cultura.azores.gov.pt\/en\/#\/schema\/logo\/image\/"},"sameAs":["https:\/\/www.facebook.com\/MuseuDeAngraDoHeroismo","https:\/\/www.instagram.com\/museu.angra\/"]}]}},"_links":{"self":[{"href":"https:\/\/museu-angra.cultura.azores.gov.pt\/en\/wp-json\/wp\/v2\/pages\/19440","targetHints":{"allow":["GET"]}}],"collection":[{"href":"https:\/\/museu-angra.cultura.azores.gov.pt\/en\/wp-json\/wp\/v2\/pages"}],"about":[{"href":"https:\/\/museu-angra.cultura.azores.gov.pt\/en\/wp-json\/wp\/v2\/types\/page"}],"author":[{"embeddable":true,"href":"https:\/\/museu-angra.cultura.azores.gov.pt\/en\/wp-json\/wp\/v2\/users\/5"}],"replies":[{"embeddable":true,"href":"https:\/\/museu-angra.cultura.azores.gov.pt\/en\/wp-json\/wp\/v2\/comments?post=19440"}],"version-history":[{"count":1,"href":"https:\/\/museu-angra.cultura.azores.gov.pt\/en\/wp-json\/wp\/v2\/pages\/19440\/revisions"}],"predecessor-version":[{"id":19441,"href":"https:\/\/museu-angra.cultura.azores.gov.pt\/en\/wp-json\/wp\/v2\/pages\/19440\/revisions\/19441"}],"up":[{"embeddable":true,"href":"https:\/\/museu-angra.cultura.azores.gov.pt\/en\/wp-json\/wp\/v2\/pages\/18707"}],"wp:attachment":[{"href":"https:\/\/museu-angra.cultura.azores.gov.pt\/en\/wp-json\/wp\/v2\/media?parent=19440"}],"curies":[{"name":"wp","href":"https:\/\/api.w.org\/{rel}","templated":true}]}}