{"id":18663,"date":"2024-10-02T14:09:52","date_gmt":"2024-10-02T14:09:52","guid":{"rendered":"https:\/\/museu-angra.cultura.azores.gov.pt\/catalogue\/"},"modified":"2025-11-19T10:36:05","modified_gmt":"2025-11-19T11:36:05","slug":"catalogue","status":"publish","type":"page","link":"https:\/\/museu-angra.cultura.azores.gov.pt\/en\/catalogue\/","title":{"rendered":"Catalogues"},"content":{"rendered":"\n<div class=\"alignnormal\"><div id=\"metaslider-id-18916\" style=\"width: 100%; margin: 0 auto;\" class=\"ml-slider-3-108-0 metaslider metaslider-flex metaslider-18916 ml-slider has-dots-nav has-carousel-mode ms-theme-default-base\" role=\"region\" aria-label=\"Catalogos\" data-height=\"300\" data-width=\"700\">\n    <div id=\"metaslider_container_18916\">\n        <div id=\"metaslider_18916\">\n            <ul aria-live='off' class='slides'>\n                <li style=\"display: none; width: 100%;\" class=\"slide-18923 ms-image \" aria-roledescription=\"slide\" data-date=\"2025-10-03 15:33:18\" data-filename=\"Deposito-Concentrados-Alemaes.pdf-700x300.jpg\" data-slide-type=\"image\"><a href=\"https:\/\/museu-angra.cultura.azores.gov.pt\/wp-content\/uploads\/2025\/02\/Deposito-Concentrados-Alemaes_web.pdf\" target=\"_self\" aria-label=\"View Slide Details\" class=\"metaslider_image_link\"><img loading=\"lazy\" decoding=\"async\" src=\"https:\/\/museu-angra.cultura.azores.gov.pt\/wp-content\/uploads\/2025\/10\/Deposito-Concentrados-Alemaes.pdf-700x300.jpg\" height=\"300\" width=\"700\" alt=\"\" class=\"slider-18916 slide-18923 msDefaultImage\" title=\"Deposito-Concentrados-Alemaes.pdf\" \/><\/a><\/li>\n                <li style=\"display: none; width: 100%;\" class=\"slide-18924 ms-image \" aria-roledescription=\"slide\" data-date=\"2025-10-03 15:33:22\" data-filename=\"Lugar-ficticio-Terra-Prometida_web-images-0-scaled-e1759505769499-700x300.jpg\" data-slide-type=\"image\"><a href=\"https:\/\/museu-angra.cultura.azores.gov.pt\/wp-content\/uploads\/2025\/02\/Lugar-ficticio-Terra-Prometida_web.pdf\" target=\"_self\" aria-label=\"View Slide Details\" class=\"metaslider_image_link\"><img loading=\"lazy\" decoding=\"async\" src=\"https:\/\/museu-angra.cultura.azores.gov.pt\/wp-content\/uploads\/2025\/10\/Lugar-ficticio-Terra-Prometida_web-images-0-scaled-e1759505769499-700x300.jpg\" height=\"300\" width=\"700\" alt=\"\" class=\"slider-18916 slide-18924 msDefaultImage\" title=\"Lugar-ficticio-Terra-Prometida_web-images-0\" \/><\/a><\/li>\n                <li style=\"display: none; width: 100%;\" class=\"slide-18925 ms-image \" aria-roledescription=\"slide\" data-date=\"2025-10-03 15:33:27\" data-filename=\"curiosidades-tecnologicas-capa-700x300.jpg\" data-slide-type=\"image\"><a href=\"https:\/\/museu-angra.cultura.azores.gov.pt\/wp-content\/uploads\/2025\/05\/Catalogo-Curiosidades-Tecnologicas-1.pdf\" target=\"_self\" aria-label=\"View Slide Details\" class=\"metaslider_image_link\"><img loading=\"lazy\" decoding=\"async\" src=\"https:\/\/museu-angra.cultura.azores.gov.pt\/wp-content\/uploads\/2025\/10\/curiosidades-tecnologicas-capa-700x300.jpg\" height=\"300\" width=\"700\" alt=\"\" class=\"slider-18916 slide-18925 msDefaultImage\" title=\"curiosidades tecnologicas capa\" \/><\/a><\/li>\n            <\/ul>\n        <\/div>\n        \n    <\/div>\n<\/div><\/div>\r\n\n<ul id=\"block-ebf9bce6-26e5-41ec-b9d1-081cd627bbac\" class=\"wp-block-list\">\n<li><a href=\"https:\/\/museu-angra.cultura.azores.gov.pt\/wp-content\/uploads\/2025\/05\/Catalogo-Curiosidades-Tecnologicas-1.pdf\">Cat\u00e1logo &#8211; Curiosidades Tecnol\u00f3gicas<\/a><br\/>Maio 17, 2025<\/li>\n\n\n\n<li><a href=\"https:\/\/museu-angra.cultura.azores.gov.pt\/wp-content\/uploads\/2025\/02\/Lugar-ficticio-Terra-Prometida_web.pdf\">Cat\u00e1logo \u2013 Lugar Fict\u00edcio Terra Prometida \u2013 Eduardo Carqueijeiro<\/a><br\/>Fevereiro 12, 2025<\/li>\n\n\n\n<li><a href=\"http:\/\/Folha-Sala_Aqui-e-Alem-Lisboa-Anos-80_-Final.pdf\">Cat\u00e1logo \u2013 Aqui e Al\u00e9m Lisboa a<\/a><a href=\"https:\/\/museu-angra.cultura.azores.gov.pt\/wp-content\/uploads\/2024\/10\/Folha-Sala_Aqui-e-Alem-Lisboa-Anos-80_-Final.pdf\">nos 80 \u2013 Jos\u00e9 Vieira Mendes<\/a><br\/>Novembro 20, 2024<\/li>\n\n\n\n<li><a href=\"https:\/\/museu-angra.cultura.azores.gov.pt\/wp-content\/uploads\/2024\/10\/Florestadasnuvens.pdf\">Cat\u00e1logo \u2013 Floresta das Nuvens \u2013 Paulo Henrique Silva<\/a><br\/>Novembro 20, 2024<\/li>\n\n\n\n<li><a href=\"https:\/\/museu-angra.cultura.azores.gov.pt\/wp-content\/uploads\/2024\/11\/Folha-Sala-_-ArtImoral-1.pdf\">Cat\u00e1logo \u2013 Art\u2019Imoral \u2013 Fotografia Er\u00f3tica do inicio do Sec. XX<\/a><br\/>Novembro 16, 2024<\/li>\n\n\n\n<li><a href=\"https:\/\/museu-angra.cultura.azores.gov.pt\/wp-content\/uploads\/2024\/10\/EXPO_Mulheres_Sonia-Ormonde_Catalogo.pdf\">Cat\u00e1logo \u2013 Mulheres \u2013 Pintura de S\u00f3nia Ormonde<\/a><br\/>Outubro 4, 2024<\/li>\n\n\n\n<li><a href=\"https:\/\/museu-angra.cultura.azores.gov.pt\/wp-content\/uploads\/2024\/10\/Folha-Sala-_-Sem-Marcas-Impressao.pdf\">Cat\u00e1logo \u2013 Harmonias Circulares \u2013 C\u00e9sar Martiniano<\/a><br\/>Junho 1, 2024<\/li>\n\n\n\n<li><a href=\"https:\/\/museu-angra.cultura.azores.gov.pt\/wp-content\/uploads\/2024\/10\/50Pedras_Folha-Sala_Sem-Marcas-Impressao.pdf\">Cat\u00e1logo \u2013 50 Pedras pela Liberdade<\/a><br\/>Abril 25, 2024<\/li>\n\n\n\n<li><a href=\"https:\/\/museu-angra.cultura.azores.gov.pt\/wp-content\/uploads\/2024\/10\/Folha-Sala-_-Arte-Sacra-Ortodoxa-_-Sem-Marcas-Impressao.pdf\">Cat\u00e1logo \u2013 Arte Sacra Ortodoxa \u2013 Pintura e Escultura de Kostyantin Sheplyakov<\/a><br\/>Fevereiro 24, 2024<\/li>\n\n\n\n<li><a href=\"https:\/\/museu-angra.cultura.azores.gov.pt\/wp-content\/uploads\/2024\/10\/PinturaBlockchain.pdf\">Cat\u00e1logo \u2013 Da pintura ao blockchain \u2013 Lu\u00eds Geraldes<\/a><br\/>Julho 7, 2023<\/li>\n\n\n\n<li><a href=\"https:\/\/museu-angra.cultura.azores.gov.pt\/wp-content\/uploads\/2024\/10\/Catalogo_O-Amanha-que-Nunca-Chega.pdf\">Cat\u00e1logo \u2013 O Amanh\u00e3 que nunca chega \u2013 Jo\u00e3o Amado<\/a><br\/>Junho 3, 2023<\/li>\n\n\n\n<li><a href=\"https:\/\/museu-angra.cultura.azores.gov.pt\/wp-content\/uploads\/2024\/10\/LuisGeraldes_LabirintoAngustia_CatalogoCoingra.pdf\">Cat\u00e1logo \u2013 O Labirinto da Ang\u00fastia \u2013 Lu\u00eds Geraldes<\/a><br\/>Maio 27, 2023<\/li>\n\n\n\n<li><a href=\"https:\/\/museu-angra.cultura.azores.gov.pt\/wp-content\/uploads\/2025\/05\/Comunicacoes-na-Ilha-Terceira-1.pdf\">Cat\u00e1logo &#8211; Comunica\u00e7\u00f5es na Ilha Terceira: o Radioamadorismo e a Guerra Fria<\/a><br\/>Abril 9, 2022<\/li>\n\n\n\n<li><a href=\"https:\/\/museu-angra.cultura.azores.gov.pt\/wp-content\/uploads\/2025\/02\/CavalosdeFerro2021_web.pdf\">Cat\u00e1logo \u2013 Cavalos de ferro<\/a><br\/>Julho 10, 2021<\/li>\n\n\n\n<li><a href=\"https:\/\/museu-angra.cultura.azores.gov.pt\/wp-content\/uploads\/2025\/02\/Luis-Godinho-BloodRedLuxury2021.pdf\">Cat\u00e1logo \u2013 Blood Red Luxury<\/a><br\/>Junho 9, 2021<\/li>\n\n\n\n<li><a href=\"https:\/\/museu-angra.cultura.azores.gov.pt\/wp-content\/uploads\/2025\/02\/Ilha-Terceira-e-a-Peste2021_web.pdf\">Cat\u00e1logo \u2013 A Ilha terceira em Tempos de Peste\u2026<\/a><br\/>Abril 10, 2021<\/li>\n\n\n\n<li><a href=\"https:\/\/museu-angra.cultura.azores.gov.pt\/wp-content\/uploads\/2025\/02\/Voo-do-Acor2020_web.pdf\">Cat\u00e1logo \u2013 Voo do a\u00e7or<\/a><br\/>Outubro 5, 2020<\/li>\n\n\n\n<li><a href=\"https:\/\/museu-angra.cultura.azores.gov.pt\/wp-content\/uploads\/2025\/02\/Colecoes-e-Museus2020_web.pdf\">Cat\u00e1logo \u2013 Cole\u00e7\u00f5es e museus<\/a><br\/>Setembro 5, 2020<\/li>\n\n\n\n<li><a href=\"https:\/\/museu-angra.cultura.azores.gov.pt\/wp-content\/uploads\/2025\/02\/Luis-Brum-Exercicios-de-memoria2020.pdf\">Cat\u00e1logo \u2013 Exerc\u00edcios de mem\u00f3ria<\/a><br\/>Janeiro 5, 2020<\/li>\n\n\n\n<li><a href=\"https:\/\/museu-angra.cultura.azores.gov.pt\/wp-content\/uploads\/2025\/02\/Re-Act2019.pdf\">Cat\u00e1logo \u2013 Island Thinking \u2013 Re-Act<\/a><br\/>Setembro 29, 2019<\/li>\n\n\n\n<li><a href=\"https:\/\/museu-angra.cultura.azores.gov.pt\/wp-content\/uploads\/2025\/02\/Timothy-Lima2019.pdf\">Cat\u00e1logo \u2013 Filhos da luz \u2013 Timothy Lima<\/a><br\/>Setembro 28, 2019<\/li>\n\n\n\n<li><a href=\"https:\/\/museu-angra.cultura.azores.gov.pt\/wp-content\/uploads\/2025\/02\/Humberto-Marcal2019.pdf\">Cat\u00e1logo \u2013 Sonhos da Mat\u00e9ria \u2013 Mar\u00e7al<\/a><br\/>Maio 4, 2019<\/li>\n\n\n\n<li><a href=\"https:\/\/museu-angra.cultura.azores.gov.pt\/wp-content\/uploads\/2025\/02\/Museu-em-Arquivo2019_web.pdf\">Cat\u00e1logo \u2013 Museu em arquivo<\/a><br\/>Mar\u00e7o 5, 2019<\/li>\n\n\n\n<li><a href=\"https:\/\/museu-angra.cultura.azores.gov.pt\/wp-content\/uploads\/2025\/02\/Citius-Altius-Fortius_web.pdf\">Cat\u00e1logo \u2013 Citius Altius Fortius<\/a><br\/>Outubro 27, 2018<\/li>\n\n\n\n<li><a href=\"https:\/\/museu-angra.cultura.azores.gov.pt\/wp-content\/uploads\/2025\/02\/Catalogo-Merito-e-Distincao_web.pdf\">Cat\u00e1logo \u2013 M\u00e9rito e distin\u00e7\u00e3o \u2013 Ordens Honor\u00edficas Portuguesas<\/a><br\/>Junho 9, 2018<\/li>\n\n\n\n<li><a href=\"https:\/\/museu-angra.cultura.azores.gov.pt\/catalogo-pintura-e-gravura-de-wall-perne\/\">Cat\u00e1logo \u2013 Pintura e Gravura <\/a><a href=\"https:\/\/museu-angra.cultura.azores.gov.pt\/wp-content\/uploads\/2025\/02\/catalogo-Wall-Perne_web.pdf\">de Wall Perne<\/a><br\/>Abril 14, 2018<\/li>\n\n\n\n<li><a href=\"https:\/\/museu-angra.cultura.azores.gov.pt\/wp-content\/uploads\/2025\/02\/Aquedutos_web.pdf\">Cat\u00e1logo \u2013 Aquedutos \u00e1gua e patrim\u00f3nio \u2013 Pedro In\u00e1cio<\/a><br\/>Fevereiro 17, 2018<\/li>\n\n\n\n<li><a href=\"https:\/\/museu-angra.cultura.azores.gov.pt\/wp-content\/uploads\/2025\/02\/Instrumentos-de-trabalho_web.pdf\">Cat\u00e1logo \u2013 Instrumentos de trabalho ou de cultura<\/a><br\/>Novembro 1, 2017<\/li>\n\n\n\n<li><a href=\"https:\/\/museu-angra.cultura.azores.gov.pt\/wp-content\/uploads\/2025\/02\/COALESCENCE.pdf\">Cat\u00e1logo \u2013 Coalescence<\/a><br\/>Setembro 30, 2017<\/li>\n\n\n\n<li><a href=\"https:\/\/museu-angra.cultura.azores.gov.pt\/wp-content\/uploads\/2025\/02\/Almanaque-Camponez_web.pdf\">Cat\u00e1logo \u2013 Almanaque do Camponez<\/a><br\/>Maio 1, 2017<\/li>\n\n\n\n<li><a href=\"https:\/\/museu-angra.cultura.azores.gov.pt\/wp-content\/uploads\/2025\/02\/Conexao_web.pdf\">Cat\u00e1logo \u2013 Conex\u00e3o: Raminho-Gavsta<\/a><br\/>Abril 29, 2017<\/li>\n\n\n\n<li><a href=\"https:\/\/museu-angra.cultura.azores.gov.pt\/wp-content\/uploads\/2025\/02\/SISIFO-Jose-Nuno-Camara-Pereira.pdf\">Cat\u00e1logo \u2013 Jos\u00e9 Nuno da C\u00e2mara Pereira \u2013 Um s\u00edsifo feliz<\/a><br\/>Fevereiro 10, 2017<\/li>\n\n\n\n<li><a href=\"https:\/\/museu-angra.cultura.azores.gov.pt\/wp-content\/uploads\/2025\/02\/Deposito-Concentrados-Alemaes_web.pdf\">Cat\u00e1logo \u2013 Exposi\u00e7\u00e3o Dep\u00f3sito de Concentrados Alem\u00e3es na Ilha Terceira<\/a><br\/>Outubro 29, 2016<\/li>\n\n\n\n<li><a href=\"https:\/\/museu-angra.cultura.azores.gov.pt\/wp-content\/uploads\/2025\/02\/Mascaras-Tradicionais-Africanas.pdf\">Cat\u00e1logo \u2013 M\u00e1scaras Tradicionais Africanas<\/a><br\/>Outubro 22, 2016<\/li>\n\n\n\n<li><a href=\"https:\/\/museu-angra.cultura.azores.gov.pt\/wp-content\/uploads\/2025\/02\/Lisboa-Pequim-Lisboa_web.pdf\">Cat\u00e1logo \u2013 Lisboa \u2013 Pequim \u2013 Lisboa de Pepe Brix<\/a><br\/>Junho 17, 2016<\/li>\n\n\n\n<li><a href=\"https:\/\/museu-angra.cultura.azores.gov.pt\/wp-content\/uploads\/2025\/02\/Mecanicas-do-tempo-Catalogo_web.pdf\">Cat\u00e1logo \u2013 Mec\u00e2nica(s) do Tempo<\/a><br\/>Fevereiro 20, 2016<\/li>\n\n\n\n<li><a href=\"https:\/\/museu-angra.cultura.azores.gov.pt\/wp-content\/uploads\/2025\/02\/catalogo_Da-materialidade-do-papel_web.pdf\">Cat\u00e1logo \u2013 Da materialidade do papel \u2013 Pintura de Manuel Martins<\/a><br\/>Fevereiro 13, 2016<\/li>\n\n\n\n<li><a href=\"https:\/\/museu-angra.cultura.azores.gov.pt\/wp-content\/uploads\/2025\/02\/Residencia-Criativa_web.pdf\">Cat\u00e1logo \u2013 Resid\u00eancia Criativa 2015<\/a><br\/>Janeiro 1, 2015<\/li>\n<\/ul>\n\n<p><\/p>\n","protected":false},"excerpt":{"rendered":"","protected":false},"author":5,"featured_media":0,"parent":0,"menu_order":0,"comment_status":"closed","ping_status":"closed","template":"","meta":{"footnotes":""},"class_list":["post-18663","page","type-page","status-publish","hentry"],"acf":[],"yoast_head":"<!-- This site is optimized with the Yoast SEO plugin v27.4 - https:\/\/yoast.com\/product\/yoast-seo-wordpress\/ -->\n<title>Catalogues - Museum of Angra do Heroismo<\/title>\n<meta name=\"robots\" content=\"index, follow, max-snippet:-1, max-image-preview:large, max-video-preview:-1\" \/>\n<link rel=\"canonical\" href=\"https:\/\/museu-angra.cultura.azores.gov.pt\/en\/catalogue\/\" \/>\n<meta property=\"og:locale\" content=\"en_US\" \/>\n<meta property=\"og:type\" content=\"article\" \/>\n<meta property=\"og:title\" content=\"Catalogues - Museum of Angra do Heroismo\" \/>\n<meta property=\"og:url\" content=\"https:\/\/museu-angra.cultura.azores.gov.pt\/en\/catalogue\/\" \/>\n<meta property=\"og:site_name\" content=\"Museum of Angra do Heroismo\" \/>\n<meta property=\"article:publisher\" content=\"https:\/\/www.facebook.com\/MuseuDeAngraDoHeroismo\" \/>\n<meta property=\"article:modified_time\" content=\"2025-11-19T11:36:05+00:00\" \/>\n<meta name=\"twitter:card\" content=\"summary_large_image\" \/>\n<meta name=\"twitter:label1\" content=\"Est. reading time\" \/>\n\t<meta name=\"twitter:data1\" content=\"2 minutes\" \/>\n<script type=\"application\/ld+json\" class=\"yoast-schema-graph\">{\"@context\":\"https:\\\/\\\/schema.org\",\"@graph\":[{\"@type\":\"WebPage\",\"@id\":\"https:\\\/\\\/museu-angra.cultura.azores.gov.pt\\\/en\\\/catalogue\\\/\",\"url\":\"https:\\\/\\\/museu-angra.cultura.azores.gov.pt\\\/en\\\/catalogue\\\/\",\"name\":\"Catalogues - Museum of Angra do Heroismo\",\"isPartOf\":{\"@id\":\"https:\\\/\\\/museu-angra.cultura.azores.gov.pt\\\/en\\\/#website\"},\"datePublished\":\"2024-10-02T14:09:52+00:00\",\"dateModified\":\"2025-11-19T11:36:05+00:00\",\"breadcrumb\":{\"@id\":\"https:\\\/\\\/museu-angra.cultura.azores.gov.pt\\\/en\\\/catalogue\\\/#breadcrumb\"},\"inLanguage\":\"en-US\",\"potentialAction\":[{\"@type\":\"ReadAction\",\"target\":[\"https:\\\/\\\/museu-angra.cultura.azores.gov.pt\\\/en\\\/catalogue\\\/\"]}]},{\"@type\":\"BreadcrumbList\",\"@id\":\"https:\\\/\\\/museu-angra.cultura.azores.gov.pt\\\/en\\\/catalogue\\\/#breadcrumb\",\"itemListElement\":[{\"@type\":\"ListItem\",\"position\":1,\"name\":\"In\u00edcio\",\"item\":\"https:\\\/\\\/museu-angra.cultura.azores.gov.pt\\\/en\\\/\"},{\"@type\":\"ListItem\",\"position\":2,\"name\":\"Catalogues\"}]},{\"@type\":\"WebSite\",\"@id\":\"https:\\\/\\\/museu-angra.cultura.azores.gov.pt\\\/en\\\/#website\",\"url\":\"https:\\\/\\\/museu-angra.cultura.azores.gov.pt\\\/en\\\/\",\"name\":\"Museu de Angra do Hero\u00edsmo\",\"description\":\"Website do Museu de Angra do Heroismo.\",\"publisher\":{\"@id\":\"https:\\\/\\\/museu-angra.cultura.azores.gov.pt\\\/en\\\/#organization\"},\"potentialAction\":[{\"@type\":\"SearchAction\",\"target\":{\"@type\":\"EntryPoint\",\"urlTemplate\":\"https:\\\/\\\/museu-angra.cultura.azores.gov.pt\\\/en\\\/?s={search_term_string}\"},\"query-input\":{\"@type\":\"PropertyValueSpecification\",\"valueRequired\":true,\"valueName\":\"search_term_string\"}}],\"inLanguage\":\"en-US\"},{\"@type\":\"Organization\",\"@id\":\"https:\\\/\\\/museu-angra.cultura.azores.gov.pt\\\/en\\\/#organization\",\"name\":\"Museu de Angra do Hero\u00edsmo\",\"url\":\"https:\\\/\\\/museu-angra.cultura.azores.gov.pt\\\/en\\\/\",\"logo\":{\"@type\":\"ImageObject\",\"inLanguage\":\"en-US\",\"@id\":\"https:\\\/\\\/museu-angra.cultura.azores.gov.pt\\\/en\\\/#\\\/schema\\\/logo\\\/image\\\/\",\"url\":\"https:\\\/\\\/museu-angra.cultura.azores.gov.pt\\\/wp-content\\\/uploads\\\/2024\\\/01\\\/MicrosoftTeams-image-1.png\",\"contentUrl\":\"https:\\\/\\\/museu-angra.cultura.azores.gov.pt\\\/wp-content\\\/uploads\\\/2024\\\/01\\\/MicrosoftTeams-image-1.png\",\"width\":512,\"height\":512,\"caption\":\"Museu de Angra do Hero\u00edsmo\"},\"image\":{\"@id\":\"https:\\\/\\\/museu-angra.cultura.azores.gov.pt\\\/en\\\/#\\\/schema\\\/logo\\\/image\\\/\"},\"sameAs\":[\"https:\\\/\\\/www.facebook.com\\\/MuseuDeAngraDoHeroismo\",\"https:\\\/\\\/www.instagram.com\\\/museu.angra\\\/\"]}]}<\/script>\n<!-- \/ Yoast SEO plugin. -->","yoast_head_json":{"title":"Catalogues - Museum of Angra do Heroismo","robots":{"index":"index","follow":"follow","max-snippet":"max-snippet:-1","max-image-preview":"max-image-preview:large","max-video-preview":"max-video-preview:-1"},"canonical":"https:\/\/museu-angra.cultura.azores.gov.pt\/en\/catalogue\/","og_locale":"en_US","og_type":"article","og_title":"Catalogues - Museum of Angra do Heroismo","og_url":"https:\/\/museu-angra.cultura.azores.gov.pt\/en\/catalogue\/","og_site_name":"Museum of Angra do Heroismo","article_publisher":"https:\/\/www.facebook.com\/MuseuDeAngraDoHeroismo","article_modified_time":"2025-11-19T11:36:05+00:00","twitter_card":"summary_large_image","twitter_misc":{"Est. reading time":"2 minutes"},"schema":{"@context":"https:\/\/schema.org","@graph":[{"@type":"WebPage","@id":"https:\/\/museu-angra.cultura.azores.gov.pt\/en\/catalogue\/","url":"https:\/\/museu-angra.cultura.azores.gov.pt\/en\/catalogue\/","name":"Catalogues - Museum of Angra do Heroismo","isPartOf":{"@id":"https:\/\/museu-angra.cultura.azores.gov.pt\/en\/#website"},"datePublished":"2024-10-02T14:09:52+00:00","dateModified":"2025-11-19T11:36:05+00:00","breadcrumb":{"@id":"https:\/\/museu-angra.cultura.azores.gov.pt\/en\/catalogue\/#breadcrumb"},"inLanguage":"en-US","potentialAction":[{"@type":"ReadAction","target":["https:\/\/museu-angra.cultura.azores.gov.pt\/en\/catalogue\/"]}]},{"@type":"BreadcrumbList","@id":"https:\/\/museu-angra.cultura.azores.gov.pt\/en\/catalogue\/#breadcrumb","itemListElement":[{"@type":"ListItem","position":1,"name":"In\u00edcio","item":"https:\/\/museu-angra.cultura.azores.gov.pt\/en\/"},{"@type":"ListItem","position":2,"name":"Catalogues"}]},{"@type":"WebSite","@id":"https:\/\/museu-angra.cultura.azores.gov.pt\/en\/#website","url":"https:\/\/museu-angra.cultura.azores.gov.pt\/en\/","name":"Museu de Angra do Hero\u00edsmo","description":"Website do Museu de Angra do Heroismo.","publisher":{"@id":"https:\/\/museu-angra.cultura.azores.gov.pt\/en\/#organization"},"potentialAction":[{"@type":"SearchAction","target":{"@type":"EntryPoint","urlTemplate":"https:\/\/museu-angra.cultura.azores.gov.pt\/en\/?s={search_term_string}"},"query-input":{"@type":"PropertyValueSpecification","valueRequired":true,"valueName":"search_term_string"}}],"inLanguage":"en-US"},{"@type":"Organization","@id":"https:\/\/museu-angra.cultura.azores.gov.pt\/en\/#organization","name":"Museu de Angra do Hero\u00edsmo","url":"https:\/\/museu-angra.cultura.azores.gov.pt\/en\/","logo":{"@type":"ImageObject","inLanguage":"en-US","@id":"https:\/\/museu-angra.cultura.azores.gov.pt\/en\/#\/schema\/logo\/image\/","url":"https:\/\/museu-angra.cultura.azores.gov.pt\/wp-content\/uploads\/2024\/01\/MicrosoftTeams-image-1.png","contentUrl":"https:\/\/museu-angra.cultura.azores.gov.pt\/wp-content\/uploads\/2024\/01\/MicrosoftTeams-image-1.png","width":512,"height":512,"caption":"Museu de Angra do Hero\u00edsmo"},"image":{"@id":"https:\/\/museu-angra.cultura.azores.gov.pt\/en\/#\/schema\/logo\/image\/"},"sameAs":["https:\/\/www.facebook.com\/MuseuDeAngraDoHeroismo","https:\/\/www.instagram.com\/museu.angra\/"]}]}},"_links":{"self":[{"href":"https:\/\/museu-angra.cultura.azores.gov.pt\/en\/wp-json\/wp\/v2\/pages\/18663","targetHints":{"allow":["GET"]}}],"collection":[{"href":"https:\/\/museu-angra.cultura.azores.gov.pt\/en\/wp-json\/wp\/v2\/pages"}],"about":[{"href":"https:\/\/museu-angra.cultura.azores.gov.pt\/en\/wp-json\/wp\/v2\/types\/page"}],"author":[{"embeddable":true,"href":"https:\/\/museu-angra.cultura.azores.gov.pt\/en\/wp-json\/wp\/v2\/users\/5"}],"replies":[{"embeddable":true,"href":"https:\/\/museu-angra.cultura.azores.gov.pt\/en\/wp-json\/wp\/v2\/comments?post=18663"}],"version-history":[{"count":3,"href":"https:\/\/museu-angra.cultura.azores.gov.pt\/en\/wp-json\/wp\/v2\/pages\/18663\/revisions"}],"predecessor-version":[{"id":19144,"href":"https:\/\/museu-angra.cultura.azores.gov.pt\/en\/wp-json\/wp\/v2\/pages\/18663\/revisions\/19144"}],"wp:attachment":[{"href":"https:\/\/museu-angra.cultura.azores.gov.pt\/en\/wp-json\/wp\/v2\/media?parent=18663"}],"curies":[{"name":"wp","href":"https:\/\/api.w.org\/{rel}","templated":true}]}}